{"id":802,"date":"2025-09-22T17:08:30","date_gmt":"2025-09-22T17:08:30","guid":{"rendered":"https:\/\/datapoint.development-viktor.com\/cookie-policy\/"},"modified":"2025-11-10T22:00:24","modified_gmt":"2025-11-10T22:00:24","slug":"cookie-policy","status":"publish","type":"page","link":"https:\/\/ipdatapoint.com\/fr\/cookie-policy\/","title":{"rendered":"Politique de cookies"},"content":{"rendered":"\t\t<div data-elementor-type=\"wp-page\" data-elementor-id=\"802\" class=\"elementor elementor-802 elementor-141\" data-elementor-post-type=\"page\">\n\t\t\t\t<div class=\"elementor-element elementor-element-d1915da e-flex e-con-boxed e-con e-parent\" data-id=\"d1915da\" data-element_type=\"container\" data-e-type=\"container\">\n\t\t\t\t\t<div class=\"e-con-inner\">\n\t\t\t\t<div class=\"elementor-element elementor-element-fe71eaa elementor-widget elementor-widget-text-editor\" data-id=\"fe71eaa\" data-element_type=\"widget\" data-e-type=\"widget\" data-widget_type=\"text-editor.default\">\n\t\t\t\t<div class=\"elementor-widget-container\">\n\t\t\t\t\t\t\t\t\t<p class=\"p1\"><span class=\"s1\"><b>IP\u202fDatapoint\u202fSolution<\/b><\/span> (\u00ab\u202fnous\u202f\u00bb, \u00ab\u202fnotre\u202f\u00bb ou \u00ab\u202fnos\u202f\u00bb) utilise des cookies et technologies similaires sur notre site web \u00e0 l\u2019adresse <span class=\"s1\"><b>ipdatapoint.com<\/b><\/span>. Cette Politique de Cookies explique ce que sont les cookies, pourquoi nous les utilisons, comment vous pouvez g\u00e9rer vos pr\u00e9f\u00e9rences et quels sont vos droits.<\/p><h3><b>Qu\u2019est\u2011ce qu\u2019un cookie\u202f?<\/b><\/h3><p class=\"p1\">Un cookie est un petit fichier texte plac\u00e9 sur votre appareil (ordinateur, t\u00e9l\u00e9phone mobile, tablette) lors de votre visite sur un site web. Ils sont largement utilis\u00e9s pour faire fonctionner les sites web de fa\u00e7on plus efficace et pour fournir des informations aux exploitants du site.<\/p><h3><b>Pourquoi utilisons\u2011nous des cookies\u202f?<\/b><\/h3><p class=\"p1\">Nous utilisons des cookies pour plusieurs raisons\u202f:<\/p><ul><li><p class=\"p1\">Pour m\u00e9moriser vos pr\u00e9f\u00e9rences (langue, r\u00e9gion, etc.).<\/p><\/li><li><p class=\"p1\">Pour activer des fonctionnalit\u00e9s du site web (connexion, gestion de session, s\u00e9curit\u00e9).<\/p><\/li><li><p class=\"p1\">Pour analyser la fa\u00e7on dont notre site est utilis\u00e9 afin d\u2019am\u00e9liorer son contenu et ses performances.<\/p><\/li><li><p class=\"p1\">Pour vous proposer du contenu ou de la publicit\u00e9 pertinents (le cas \u00e9ch\u00e9ant).<\/p><\/li><\/ul><h3><b>Types de cookies utilis\u00e9s<\/b><\/h3><ul><li><p class=\"p1\"><span class=\"s1\"><b>Cookies essentiels (ou strictement n\u00e9cessaires)<\/b><\/span>\u202f\u2013 indispensables au bon fonctionnement du site et ne peuvent pas \u00eatre d\u00e9sactiv\u00e9s dans notre syst\u00e8me.<\/p><\/li><li><p class=\"p1\"><span class=\"s1\"><b>Cookies de performance<\/b><\/span>\u202f\u2013 recueillent des informations sur la fa\u00e7on dont les visiteurs utilisent notre site (par ex. quelles pages sont visit\u00e9es le plus souvent).<\/p><\/li><li><p class=\"p1\"><span class=\"s1\"><b>Cookies fonctionnels<\/b><\/span>\u202f\u2013 permettent au site de m\u00e9moriser les choix que vous faites (par ex. votre langue ou r\u00e9gion pr\u00e9f\u00e9r\u00e9e).<\/p><\/li><li><p class=\"p1\"><span class=\"s1\"><b>Cookies de ciblage ou publicitaires<\/b><\/span>\u202f\u2013 utilis\u00e9s pour diffuser de la publicit\u00e9 plus pertinente pour vous et vos centres d\u2019int\u00e9r\u00eat.<\/p><\/li><\/ul><h3><b>Gestion de vos pr\u00e9f\u00e9rences en mati\u00e8re de cookies<\/b><\/h3><p class=\"p1\">Vous pouvez choisir d\u2019accepter ou de refuser les cookies. La plupart des navigateurs web acceptent automatiquement les cookies, mais vous pouvez g\u00e9n\u00e9ralement modifier les param\u00e8tres de votre navigateur pour les refuser si vous le pr\u00e9f\u00e9rez. Veuillez noter\u202f: si vous d\u00e9sactivez ou supprimez les cookies, certaines parties de ce site peuvent devenir inaccessibles ou ne pas fonctionner correctement.<\/p><h3><b>Consentement et retrait<\/b><\/h3><p class=\"p1\">En continuant d\u2019utiliser ipdatapoint.com sans modifier les param\u00e8tres de votre navigateur ou d\u2019autres outils, vous consentez \u00e0 notre utilisation des cookies comme d\u00e9crit dans cette politique. Vous pouvez retirer votre consentement \u00e0 tout moment en modifiant les param\u00e8tres de votre navigateur ou via tout outil de gestion des cookies mis \u00e0 disposition sur notre site.<\/p><h3><b>Modifications de cette Politique de Cookies<\/b><\/h3><p class=\"p1\">Nous pouvons mettre \u00e0 jour cette Politique de Cookies de temps \u00e0 autre. La date \u00ab\u202fDerni\u00e8re mise \u00e0 jour\u202f\u00bb en bas de cette politique indique la date de la derni\u00e8re r\u00e9vision. Vous devriez consulter cette page p\u00e9riodiquement.<\/p><p class=\"p4\"><b>Derni\u00e8re mise \u00e0 jour\u202f:<\/b><span class=\"s3\"> 1 novembre, 2025<\/span><\/p>\t\t\t\t\t\t\t\t<\/div>\n\t\t\t\t<\/div>\n\t\t\t\t\t<\/div>\n\t\t\t\t<\/div>\n\t\t\t\t<\/div>\n\t\t","protected":false},"excerpt":{"rendered":"<p>IP\u202fDatapoint\u202fSolution (\u00ab\u202fnous\u202f\u00bb, \u00ab\u202fnotre\u202f\u00bb ou \u00ab\u202fnos\u202f\u00bb) utilise des cookies et technologies similaires sur notre site web \u00e0 l\u2019adresse ipdatapoint.com. Cette Politique de Cookies explique ce que sont les cookies, pourquoi nous les utilisons, comment vous pouvez g\u00e9rer vos pr\u00e9f\u00e9rences et quels sont vos droits. Qu\u2019est\u2011ce qu\u2019un cookie\u202f? Un cookie est un petit fichier texte plac\u00e9 sur [&hellip;]<\/p>\n","protected":false},"author":1,"featured_media":0,"parent":0,"menu_order":0,"comment_status":"closed","ping_status":"closed","template":"","meta":{"nf_dc_page":"","footnotes":""},"class_list":["post-802","page","type-page","status-publish","hentry"],"yoast_head":"<!-- This site is optimized with the Yoast SEO plugin v27.5 - https:\/\/yoast.com\/product\/yoast-seo-wordpress\/ -->\n<title>Politique de cookies - IP Datapoint Solution<\/title>\n<meta name=\"robots\" content=\"index, follow, max-snippet:-1, max-image-preview:large, max-video-preview:-1\" \/>\n<link rel=\"canonical\" href=\"https:\/\/ipdatapoint.com\/fr\/cookie-policy\/\" \/>\n<meta property=\"og:locale\" content=\"fr_FR\" \/>\n<meta property=\"og:type\" content=\"article\" \/>\n<meta property=\"og:title\" content=\"Politique de cookies - IP Datapoint Solution\" \/>\n<meta property=\"og:description\" content=\"IP\u202fDatapoint\u202fSolution (\u00ab\u202fnous\u202f\u00bb, \u00ab\u202fnotre\u202f\u00bb ou \u00ab\u202fnos\u202f\u00bb) utilise des cookies et technologies similaires sur notre site web \u00e0 l\u2019adresse ipdatapoint.com. Cette Politique de Cookies explique ce que sont les cookies, pourquoi nous les utilisons, comment vous pouvez g\u00e9rer vos pr\u00e9f\u00e9rences et quels sont vos droits. Qu\u2019est\u2011ce qu\u2019un cookie\u202f? Un cookie est un petit fichier texte plac\u00e9 sur [&hellip;]\" \/>\n<meta property=\"og:url\" content=\"https:\/\/ipdatapoint.com\/fr\/cookie-policy\/\" \/>\n<meta property=\"og:site_name\" content=\"IP Datapoint Solution\" \/>\n<meta property=\"article:modified_time\" content=\"2025-11-10T22:00:24+00:00\" \/>\n<meta property=\"og:image\" content=\"https:\/\/ipdatapoint.com\/wp-content\/uploads\/2025\/09\/cropped-datapoint_fav.png\" \/>\n\t<meta property=\"og:image:width\" content=\"512\" \/>\n\t<meta property=\"og:image:height\" content=\"512\" \/>\n\t<meta property=\"og:image:type\" content=\"image\/png\" \/>\n<meta name=\"twitter:card\" content=\"summary_large_image\" \/>\n<meta name=\"twitter:label1\" content=\"Dur\u00e9e de lecture estim\u00e9e\" \/>\n\t<meta name=\"twitter:data1\" content=\"2 minutes\" \/>\n<script type=\"application\/ld+json\" class=\"yoast-schema-graph\">{\"@context\":\"https:\\\/\\\/schema.org\",\"@graph\":[{\"@type\":\"WebPage\",\"@id\":\"https:\\\/\\\/ipdatapoint.com\\\/fr\\\/cookie-policy\\\/\",\"url\":\"https:\\\/\\\/ipdatapoint.com\\\/fr\\\/cookie-policy\\\/\",\"name\":\"Politique de cookies - IP Datapoint Solution\",\"isPartOf\":{\"@id\":\"https:\\\/\\\/ipdatapoint.com\\\/#website\"},\"datePublished\":\"2025-09-22T17:08:30+00:00\",\"dateModified\":\"2025-11-10T22:00:24+00:00\",\"breadcrumb\":{\"@id\":\"https:\\\/\\\/ipdatapoint.com\\\/fr\\\/cookie-policy\\\/#breadcrumb\"},\"inLanguage\":\"fr-FR\",\"potentialAction\":[{\"@type\":\"ReadAction\",\"target\":[\"https:\\\/\\\/ipdatapoint.com\\\/fr\\\/cookie-policy\\\/\"]}]},{\"@type\":\"BreadcrumbList\",\"@id\":\"https:\\\/\\\/ipdatapoint.com\\\/fr\\\/cookie-policy\\\/#breadcrumb\",\"itemListElement\":[{\"@type\":\"ListItem\",\"position\":1,\"name\":\"Home\",\"item\":\"https:\\\/\\\/ipdatapoint.com\\\/fr\\\/home\\\/\"},{\"@type\":\"ListItem\",\"position\":2,\"name\":\"Politique de cookies\"}]},{\"@type\":\"WebSite\",\"@id\":\"https:\\\/\\\/ipdatapoint.com\\\/#website\",\"url\":\"https:\\\/\\\/ipdatapoint.com\\\/\",\"name\":\"IP Datapoint Solution\",\"description\":\"We provide enterprise grade hardware and end-to-end management without the burden of heavy upfront investments.\",\"publisher\":{\"@id\":\"https:\\\/\\\/ipdatapoint.com\\\/#organization\"},\"alternateName\":\"IP Datapoint Solutions\",\"potentialAction\":[{\"@type\":\"SearchAction\",\"target\":{\"@type\":\"EntryPoint\",\"urlTemplate\":\"https:\\\/\\\/ipdatapoint.com\\\/?s={search_term_string}\"},\"query-input\":{\"@type\":\"PropertyValueSpecification\",\"valueRequired\":true,\"valueName\":\"search_term_string\"}}],\"inLanguage\":\"fr-FR\"},{\"@type\":\"Organization\",\"@id\":\"https:\\\/\\\/ipdatapoint.com\\\/#organization\",\"name\":\"IP Datapoint Solution\",\"alternateName\":\"IP Datapoint Solutions\",\"url\":\"https:\\\/\\\/ipdatapoint.com\\\/\",\"logo\":{\"@type\":\"ImageObject\",\"inLanguage\":\"fr-FR\",\"@id\":\"https:\\\/\\\/ipdatapoint.com\\\/#\\\/schema\\\/logo\\\/image\\\/\",\"url\":\"https:\\\/\\\/ipdatapoint.com\\\/wp-content\\\/uploads\\\/2025\\\/09\\\/cropped-datapoint_fav.png\",\"contentUrl\":\"https:\\\/\\\/ipdatapoint.com\\\/wp-content\\\/uploads\\\/2025\\\/09\\\/cropped-datapoint_fav.png\",\"width\":512,\"height\":512,\"caption\":\"IP Datapoint Solution\"},\"image\":{\"@id\":\"https:\\\/\\\/ipdatapoint.com\\\/#\\\/schema\\\/logo\\\/image\\\/\"},\"sameAs\":[\"https:\\\/\\\/www.linkedin.com\\\/company\\\/ip-datapoint-solution\\\/\"]}]}<\/script>\n<!-- \/ Yoast SEO plugin. -->","yoast_head_json":{"title":"Politique de cookies - IP Datapoint Solution","robots":{"index":"index","follow":"follow","max-snippet":"max-snippet:-1","max-image-preview":"max-image-preview:large","max-video-preview":"max-video-preview:-1"},"canonical":"https:\/\/ipdatapoint.com\/fr\/cookie-policy\/","og_locale":"fr_FR","og_type":"article","og_title":"Politique de cookies - IP Datapoint Solution","og_description":"IP\u202fDatapoint\u202fSolution (\u00ab\u202fnous\u202f\u00bb, \u00ab\u202fnotre\u202f\u00bb ou \u00ab\u202fnos\u202f\u00bb) utilise des cookies et technologies similaires sur notre site web \u00e0 l\u2019adresse ipdatapoint.com. Cette Politique de Cookies explique ce que sont les cookies, pourquoi nous les utilisons, comment vous pouvez g\u00e9rer vos pr\u00e9f\u00e9rences et quels sont vos droits. Qu\u2019est\u2011ce qu\u2019un cookie\u202f? Un cookie est un petit fichier texte plac\u00e9 sur [&hellip;]","og_url":"https:\/\/ipdatapoint.com\/fr\/cookie-policy\/","og_site_name":"IP Datapoint Solution","article_modified_time":"2025-11-10T22:00:24+00:00","og_image":[{"width":512,"height":512,"url":"https:\/\/ipdatapoint.com\/wp-content\/uploads\/2025\/09\/cropped-datapoint_fav.png","type":"image\/png"}],"twitter_card":"summary_large_image","twitter_misc":{"Dur\u00e9e de lecture estim\u00e9e":"2 minutes"},"schema":{"@context":"https:\/\/schema.org","@graph":[{"@type":"WebPage","@id":"https:\/\/ipdatapoint.com\/fr\/cookie-policy\/","url":"https:\/\/ipdatapoint.com\/fr\/cookie-policy\/","name":"Politique de cookies - IP Datapoint Solution","isPartOf":{"@id":"https:\/\/ipdatapoint.com\/#website"},"datePublished":"2025-09-22T17:08:30+00:00","dateModified":"2025-11-10T22:00:24+00:00","breadcrumb":{"@id":"https:\/\/ipdatapoint.com\/fr\/cookie-policy\/#breadcrumb"},"inLanguage":"fr-FR","potentialAction":[{"@type":"ReadAction","target":["https:\/\/ipdatapoint.com\/fr\/cookie-policy\/"]}]},{"@type":"BreadcrumbList","@id":"https:\/\/ipdatapoint.com\/fr\/cookie-policy\/#breadcrumb","itemListElement":[{"@type":"ListItem","position":1,"name":"Home","item":"https:\/\/ipdatapoint.com\/fr\/home\/"},{"@type":"ListItem","position":2,"name":"Politique de cookies"}]},{"@type":"WebSite","@id":"https:\/\/ipdatapoint.com\/#website","url":"https:\/\/ipdatapoint.com\/","name":"IP Datapoint Solution","description":"We provide enterprise grade hardware and end-to-end management without the burden of heavy upfront investments.","publisher":{"@id":"https:\/\/ipdatapoint.com\/#organization"},"alternateName":"IP Datapoint Solutions","potentialAction":[{"@type":"SearchAction","target":{"@type":"EntryPoint","urlTemplate":"https:\/\/ipdatapoint.com\/?s={search_term_string}"},"query-input":{"@type":"PropertyValueSpecification","valueRequired":true,"valueName":"search_term_string"}}],"inLanguage":"fr-FR"},{"@type":"Organization","@id":"https:\/\/ipdatapoint.com\/#organization","name":"IP Datapoint Solution","alternateName":"IP Datapoint Solutions","url":"https:\/\/ipdatapoint.com\/","logo":{"@type":"ImageObject","inLanguage":"fr-FR","@id":"https:\/\/ipdatapoint.com\/#\/schema\/logo\/image\/","url":"https:\/\/ipdatapoint.com\/wp-content\/uploads\/2025\/09\/cropped-datapoint_fav.png","contentUrl":"https:\/\/ipdatapoint.com\/wp-content\/uploads\/2025\/09\/cropped-datapoint_fav.png","width":512,"height":512,"caption":"IP Datapoint Solution"},"image":{"@id":"https:\/\/ipdatapoint.com\/#\/schema\/logo\/image\/"},"sameAs":["https:\/\/www.linkedin.com\/company\/ip-datapoint-solution\/"]}]}},"_links":{"self":[{"href":"https:\/\/ipdatapoint.com\/fr\/wp-json\/wp\/v2\/pages\/802","targetHints":{"allow":["GET"]}}],"collection":[{"href":"https:\/\/ipdatapoint.com\/fr\/wp-json\/wp\/v2\/pages"}],"about":[{"href":"https:\/\/ipdatapoint.com\/fr\/wp-json\/wp\/v2\/types\/page"}],"author":[{"embeddable":true,"href":"https:\/\/ipdatapoint.com\/fr\/wp-json\/wp\/v2\/users\/1"}],"replies":[{"embeddable":true,"href":"https:\/\/ipdatapoint.com\/fr\/wp-json\/wp\/v2\/comments?post=802"}],"version-history":[{"count":11,"href":"https:\/\/ipdatapoint.com\/fr\/wp-json\/wp\/v2\/pages\/802\/revisions"}],"predecessor-version":[{"id":1259,"href":"https:\/\/ipdatapoint.com\/fr\/wp-json\/wp\/v2\/pages\/802\/revisions\/1259"}],"wp:attachment":[{"href":"https:\/\/ipdatapoint.com\/fr\/wp-json\/wp\/v2\/media?parent=802"}],"curies":[{"name":"wp","href":"https:\/\/api.w.org\/{rel}","templated":true}]}}