{"id":801,"date":"2025-09-22T14:06:19","date_gmt":"2025-09-22T14:06:19","guid":{"rendered":"https:\/\/datapoint.development-viktor.com\/privacy-policy\/"},"modified":"2025-10-27T17:57:54","modified_gmt":"2025-10-27T17:57:54","slug":"privacy-policy","status":"publish","type":"page","link":"https:\/\/ipdatapoint.com\/fr\/privacy-policy\/","title":{"rendered":"Politique de confidentialit\u00e9"},"content":{"rendered":"\t\t<div data-elementor-type=\"wp-page\" data-elementor-id=\"801\" class=\"elementor elementor-801 elementor-3\" data-elementor-post-type=\"page\">\n\t\t\t\t<div class=\"elementor-element elementor-element-26a6270 e-flex e-con-boxed e-con e-parent\" data-id=\"26a6270\" data-element_type=\"container\" data-e-type=\"container\">\n\t\t\t\t\t<div class=\"e-con-inner\">\n\t\t\t\t<div class=\"elementor-element elementor-element-08b55a8 elementor-widget elementor-widget-text-editor\" data-id=\"08b55a8\" data-element_type=\"widget\" data-e-type=\"widget\" data-widget_type=\"text-editor.default\">\n\t\t\t\t<div class=\"elementor-widget-container\">\n\t\t\t\t\t\t\t\t\t<p class=\"p1\"><span class=\"s1\"><b>IP\u202fDatapoint\u202fSolution<\/b><\/span> (\u00ab\u202fnous\u202f\u00bb, \u00ab\u202fnotre\u202f\u00bb ou \u00ab\u202fnos\u202f\u00bb) s\u2019engage \u00e0 prot\u00e9ger et respecter votre vie priv\u00e9e. Cette Politique de Confidentialit\u00e9 explique comment nous recueillons, utilisons, stockons et partageons vos informations personnelles lorsque vous utilisez notre site web \u00e0 l\u2019adresse <span class=\"s1\"><b>ipdatapoint.com<\/b><\/span>.<\/p><h3><b>Informations que nous collectons<\/b><\/h3><p class=\"p1\">Nous pouvons collecter et traiter les donn\u00e9es suivantes\u202f:<\/p><ul><li><p class=\"p1\">Les informations que vous fournissez en remplissant des formulaires sur notre site (nom, courriel, num\u00e9ro de t\u00e9l\u00e9phone, adresse, informations d\u2019entreprise).<\/p><\/li><li><p class=\"p1\">Les informations que vous nous transmettez lorsque vous correspondez avec nous par t\u00e9l\u00e9phone, courriel ou autre.<\/p><\/li><li><p class=\"p1\">Les d\u00e9tails de vos visites sur notre site web (y compris adresse IP, donn\u00e9es de trafic, localisation, journaux) et les ressources auxquelles vous acc\u00e9dez.<\/p><\/li><\/ul><h3><b>Comment nous utilisons vos informations<\/b><\/h3><p class=\"p1\">Nous utilisons vos informations de la mani\u00e8re suivante\u202f:<\/p><ul><li><p class=\"p1\">Pour vous fournir les produits et services que vous avez demand\u00e9s.<\/p><\/li><li><p class=\"p1\">Pour g\u00e9rer notre relation avec vous.<\/p><\/li><li><p class=\"p1\">Pour am\u00e9liorer et personnaliser notre site web.<\/p><\/li><li><p class=\"p1\">Pour vous envoyer des bulletins d\u2019information, des communications marketing et des offres (si vous avez consenti).<\/p><\/li><li><p class=\"p1\">Pour nous conformer \u00e0 des obligations l\u00e9gales ou r\u00e9glementaires.<\/p><\/li><\/ul><h3><b>Base juridique du traitement<\/b><\/h3><p class=\"p1\">Nous traitons vos donn\u00e9es personnelles sur la base d\u2019une ou plusieurs des conditions suivantes\u202f:<\/p><ul><li><p class=\"p1\">Vous avez donn\u00e9 votre consentement.<\/p><\/li><li><p class=\"p1\">Le traitement est n\u00e9cessaire \u00e0 l\u2019ex\u00e9cution d\u2019un contrat auquel vous \u00eates partie.<\/p><\/li><li><p class=\"p1\">Le traitement est n\u00e9cessaire au respect d\u2019une obligation l\u00e9gale.<\/p><\/li><li><p class=\"p1\">Le traitement est n\u00e9cessaire \u00e0 nos int\u00e9r\u00eats l\u00e9gitimes (\u00e0 condition que vos droits ne les l\u2019emportent pas).<\/p><\/li><\/ul><h3><b>Partage et transfert des donn\u00e9es<\/b><\/h3><p class=\"p1\">Nous pouvons partager vos donn\u00e9es personnelles avec\u202f:<\/p><ul><li><p class=\"p1\">Des prestataires de services et partenaires qui nous assistent dans l\u2019exploitation de notre site ou la prestation de services (sous garanties contractuelles appropri\u00e9es).<\/p><\/li><li><p class=\"p1\">Les autorit\u00e9s d\u2019application de la loi ou de r\u00e9gulation, si exig\u00e9 par la loi ou pour prot\u00e9ger nos droits, biens ou s\u00e9curit\u00e9.<\/p><\/li><li><p class=\"p1\">D\u2019autres tiers dans le cadre d\u2019une r\u00e9organisation, fusion ou vente d\u2019actifs.<\/p><\/li><\/ul><p class=\"p1\">Si nous transf\u00e9rons vos donn\u00e9es hors de votre juridiction (par exemple, hors de l\u2019Espace \u00c9conomique Europ\u00e9en), nous mettrons en place des garanties appropri\u00e9es (clauses contractuelles types ou \u00e9quivalent).<\/p><h3><b>Conservation des donn\u00e9es<\/b><\/h3><p class=\"p1\">Nous conserverons vos donn\u00e9es personnelles uniquement le temps n\u00e9cessaire pour atteindre les finalit\u00e9s expos\u00e9es ci\u2011dessus, sauf si une p\u00e9riode de conservation plus longue est exig\u00e9e ou permise par la loi.<\/p><h3><b>Vos droits<\/b><\/h3><p class=\"p1\">Selon votre juridiction, vous pouvez avoir le droit de\u202f:<\/p><ul><li><p class=\"p1\">Demander l\u2019acc\u00e8s \u00e0 vos donn\u00e9es personnelles.<\/p><\/li><li><p class=\"p1\">Demander la correction de donn\u00e9es inexactes.<\/p><\/li><li><p class=\"p1\">Demander la suppression de vos donn\u00e9es personnelles.<\/p><\/li><li><p class=\"p1\">Vous opposer ou demander la limitation du traitement.<\/p><\/li><li><p class=\"p1\">Demander la portabilit\u00e9 de vos donn\u00e9es.<\/p><\/li><li><p class=\"p1\">Retirer votre consentement \u00e0 tout moment (lorsque le consentement \u00e9tait la base).<\/p><\/li><li><p class=\"p1\">D\u00e9poser une plainte aupr\u00e8s d\u2019une autorit\u00e9 de contr\u00f4le.<\/p><\/li><\/ul><h3><b>S\u00e9curit\u00e9<\/b><\/h3><p class=\"p1\">Nous avons mis en place des mesures techniques et organisationnelles appropri\u00e9es pour prot\u00e9ger vos donn\u00e9es personnelles contre la perte, l\u2019utilisation abusive, l\u2019acc\u00e8s non autoris\u00e9, la divulgation, l\u2019alt\u00e9ration ou la destruction. Toutefois, aucun syst\u00e8me n\u2019est s\u00e9curis\u00e9 \u00e0\u00a0100\u202f%.<\/p><h3><b>Liens vers d\u2019autres sites web<\/b><\/h3><p class=\"p1\">Notre site peut contenir des liens vers d\u2019autres sites non exploit\u00e9s par nous. Nous ne sommes pas responsables des pratiques de confidentialit\u00e9 ou du contenu de ces sites tiers et vous encourageons \u00e0 consulter leurs propres politiques de confidentialit\u00e9.<\/p><h3><b>Modifications de cette Politique de Confidentialit\u00e9<\/b><\/h3><p class=\"p1\">Nous pouvons mettre \u00e0 jour cette politique de temps \u00e0 autre. La date \u00ab\u202fDerni\u00e8re mise \u00e0 jour\u202f\u00bb en bas de cette politique indique la date de la derni\u00e8re r\u00e9vision. Vous devriez consulter cette page p\u00e9riodiquement.<\/p><p class=\"p4\"><b>Derni\u00e8re mise \u00e0 jour\u202f:<\/b><span class=\"s3\"> [Ins\u00e9rer la date]<\/span><\/p><p>(\u00ab\u202fnous\u202f\u00bb, \u00ab\u202fnotre\u202f\u00bb ou \u00ab\u202fnos\u202f\u00bb) s\u2019engage \u00e0 prot\u00e9ger et respecter votre vie priv\u00e9e. Cette Politique de Confidentialit\u00e9 explique comment nous recueillons, utilisons, stockons et partageons vos informations personnelles lorsque vous utilisez notre site web \u00e0 l\u2019adresse ipdatapoint.com.<\/p><p>Informations que nous collectons<\/p><p>Nous pouvons collecter et traiter les donn\u00e9es suivantes\u202f:<br \/>\u2022 Les informations que vous fournissez en remplissant des formulaires sur notre site (nom, courriel, num\u00e9ro de t\u00e9l\u00e9phone, adresse, informations d\u2019entreprise).<br \/>\u2022 Les informations que vous nous transmettez lorsque vous correspondez avec nous par t\u00e9l\u00e9phone, courriel ou autre.<br \/>\u2022 Les d\u00e9tails de vos visites sur notre site web (y compris adresse IP, donn\u00e9es de trafic, localisation, journaux) et les ressources auxquelles vous acc\u00e9dez.<\/p><p>Comment nous utilisons vos informations<\/p><p>Nous utilisons vos informations de la mani\u00e8re suivante\u202f:<br \/>\u2022 Pour vous fournir les produits et services que vous avez demand\u00e9s.<br \/>\u2022 Pour g\u00e9rer notre relation avec vous.<br \/>\u2022 Pour am\u00e9liorer et personnaliser notre site web.<br \/>\u2022 Pour vous envoyer des bulletins d\u2019information, des communications marketing et des offres (si vous avez consenti).<br \/>\u2022 Pour nous conformer \u00e0 des obligations l\u00e9gales ou r\u00e9glementaires.<\/p><p>Base juridique du traitement<\/p><p>Nous traitons vos donn\u00e9es personnelles sur la base d\u2019une ou plusieurs des conditions suivantes\u202f:<br \/>\u2022 Vous avez donn\u00e9 votre consentement.<br \/>\u2022 Le traitement est n\u00e9cessaire \u00e0 l\u2019ex\u00e9cution d\u2019un contrat auquel vous \u00eates partie.<br \/>\u2022 Le traitement est n\u00e9cessaire au respect d\u2019une obligation l\u00e9gale.<br \/>\u2022 Le traitement est n\u00e9cessaire \u00e0 nos int\u00e9r\u00eats l\u00e9gitimes (\u00e0 condition que vos droits ne les l\u2019emportent pas).<\/p><p>Partage et transfert des donn\u00e9es<\/p><p>Nous pouvons partager vos donn\u00e9es personnelles avec\u202f:<br \/>\u2022 Des prestataires de services et partenaires qui nous assistent dans l\u2019exploitation de notre site ou la prestation de services (sous garanties contractuelles appropri\u00e9es).<br \/>\u2022 Les autorit\u00e9s d\u2019application de la loi ou de r\u00e9gulation, si exig\u00e9 par la loi ou pour prot\u00e9ger nos droits, biens ou s\u00e9curit\u00e9.<br \/>\u2022 D\u2019autres tiers dans le cadre d\u2019une r\u00e9organisation, fusion ou vente d\u2019actifs.<\/p><p>Si nous transf\u00e9rons vos donn\u00e9es hors de votre juridiction (par exemple, hors de l\u2019Espace \u00c9conomique Europ\u00e9en), nous mettrons en place des garanties appropri\u00e9es (clauses contractuelles types ou \u00e9quivalent).<\/p><p>Conservation des donn\u00e9es<\/p><p>Nous conserverons vos donn\u00e9es personnelles uniquement le temps n\u00e9cessaire pour atteindre les finalit\u00e9s expos\u00e9es ci\u2011dessus, sauf si une p\u00e9riode de conservation plus longue est exig\u00e9e ou permise par la loi.<\/p><p>Vos droits<\/p><p>Selon votre juridiction, vous pouvez avoir le droit de\u202f:<br \/>\u2022 Demander l\u2019acc\u00e8s \u00e0 vos donn\u00e9es personnelles.<br \/>\u2022 Demander la correction de donn\u00e9es inexactes.<br \/>\u2022 Demander la suppression de vos donn\u00e9es personnelles.<br \/>\u2022 Vous opposer ou demander la limitation du traitement.<br \/>\u2022 Demander la portabilit\u00e9 de vos donn\u00e9es.<br \/>\u2022 Retirer votre consentement \u00e0 tout moment (lorsque le consentement \u00e9tait la base).<br \/>\u2022 D\u00e9poser une plainte aupr\u00e8s d\u2019une autorit\u00e9 de contr\u00f4le.<\/p><p>S\u00e9curit\u00e9<\/p><p>Nous avons mis en place des mesures techniques et organisationnelles appropri\u00e9es pour prot\u00e9ger vos donn\u00e9es personnelles contre la perte, l\u2019utilisation abusive, l\u2019acc\u00e8s non autoris\u00e9, la divulgation, l\u2019alt\u00e9ration ou la destruction. Toutefois, aucun syst\u00e8me n\u2019est s\u00e9curis\u00e9 \u00e0\u00a0100\u202f%.<\/p><p>Liens vers d\u2019autres sites web<\/p><p>Notre site peut contenir des liens vers d\u2019autres sites non exploit\u00e9s par nous. Nous ne sommes pas responsables des pratiques de confidentialit\u00e9 ou du contenu de ces sites tiers et vous encourageons \u00e0 consulter leurs propres politiques de confidentialit\u00e9.<\/p><p>Modifications de cette Politique de Confidentialit\u00e9<\/p><p>Nous pouvons mettre \u00e0 jour cette politique de temps \u00e0 autre. La date \u00ab\u202fDerni\u00e8re mise \u00e0 jour\u202f\u00bb en bas de cette politique indique la date de la derni\u00e8re r\u00e9vision. Vous devriez consulter cette page p\u00e9riodiquement.<\/p><p>Derni\u00e8re mise \u00e0 jour\u202f: 1 novembre, 2025<\/p>\t\t\t\t\t\t\t\t<\/div>\n\t\t\t\t<\/div>\n\t\t\t\t\t<\/div>\n\t\t\t\t<\/div>\n\t\t\t\t<\/div>\n\t\t","protected":false},"excerpt":{"rendered":"<p>IP\u202fDatapoint\u202fSolution (\u00ab\u202fnous\u202f\u00bb, \u00ab\u202fnotre\u202f\u00bb ou \u00ab\u202fnos\u202f\u00bb) s\u2019engage \u00e0 prot\u00e9ger et respecter votre vie priv\u00e9e. Cette Politique de Confidentialit\u00e9 explique comment nous recueillons, utilisons, stockons et partageons vos informations personnelles lorsque vous utilisez notre site web \u00e0 l\u2019adresse ipdatapoint.com. Informations que nous collectons Nous pouvons collecter et traiter les donn\u00e9es suivantes\u202f: Les informations que vous fournissez en [&hellip;]<\/p>\n","protected":false},"author":1,"featured_media":0,"parent":0,"menu_order":0,"comment_status":"closed","ping_status":"closed","template":"","meta":{"nf_dc_page":"","footnotes":""},"class_list":["post-801","page","type-page","status-publish","hentry"],"yoast_head":"<!-- This site is optimized with the Yoast SEO plugin v27.5 - https:\/\/yoast.com\/product\/yoast-seo-wordpress\/ -->\n<title>Politique de confidentialit\u00e9 - IP Datapoint Solution<\/title>\n<meta name=\"robots\" content=\"index, follow, max-snippet:-1, max-image-preview:large, max-video-preview:-1\" \/>\n<link rel=\"canonical\" href=\"https:\/\/ipdatapoint.com\/fr\/privacy-policy\/\" \/>\n<meta property=\"og:locale\" content=\"fr_FR\" \/>\n<meta property=\"og:type\" content=\"article\" \/>\n<meta property=\"og:title\" content=\"Politique de confidentialit\u00e9 - IP Datapoint Solution\" \/>\n<meta property=\"og:description\" content=\"IP\u202fDatapoint\u202fSolution (\u00ab\u202fnous\u202f\u00bb, \u00ab\u202fnotre\u202f\u00bb ou \u00ab\u202fnos\u202f\u00bb) s\u2019engage \u00e0 prot\u00e9ger et respecter votre vie priv\u00e9e. Cette Politique de Confidentialit\u00e9 explique comment nous recueillons, utilisons, stockons et partageons vos informations personnelles lorsque vous utilisez notre site web \u00e0 l\u2019adresse ipdatapoint.com. Informations que nous collectons Nous pouvons collecter et traiter les donn\u00e9es suivantes\u202f: Les informations que vous fournissez en [&hellip;]\" \/>\n<meta property=\"og:url\" content=\"https:\/\/ipdatapoint.com\/fr\/privacy-policy\/\" \/>\n<meta property=\"og:site_name\" content=\"IP Datapoint Solution\" \/>\n<meta property=\"article:modified_time\" content=\"2025-10-27T17:57:54+00:00\" \/>\n<meta property=\"og:image\" content=\"https:\/\/ipdatapoint.com\/wp-content\/uploads\/2025\/09\/cropped-datapoint_fav.png\" \/>\n\t<meta property=\"og:image:width\" content=\"512\" \/>\n\t<meta property=\"og:image:height\" content=\"512\" \/>\n\t<meta property=\"og:image:type\" content=\"image\/png\" \/>\n<meta name=\"twitter:card\" content=\"summary_large_image\" \/>\n<meta name=\"twitter:label1\" content=\"Dur\u00e9e de lecture estim\u00e9e\" \/>\n\t<meta name=\"twitter:data1\" content=\"6 minutes\" \/>\n<script type=\"application\/ld+json\" class=\"yoast-schema-graph\">{\"@context\":\"https:\\\/\\\/schema.org\",\"@graph\":[{\"@type\":\"WebPage\",\"@id\":\"https:\\\/\\\/ipdatapoint.com\\\/fr\\\/privacy-policy\\\/\",\"url\":\"https:\\\/\\\/ipdatapoint.com\\\/fr\\\/privacy-policy\\\/\",\"name\":\"Politique de confidentialit\u00e9 - IP Datapoint Solution\",\"isPartOf\":{\"@id\":\"https:\\\/\\\/ipdatapoint.com\\\/#website\"},\"datePublished\":\"2025-09-22T14:06:19+00:00\",\"dateModified\":\"2025-10-27T17:57:54+00:00\",\"breadcrumb\":{\"@id\":\"https:\\\/\\\/ipdatapoint.com\\\/fr\\\/privacy-policy\\\/#breadcrumb\"},\"inLanguage\":\"fr-FR\",\"potentialAction\":[{\"@type\":\"ReadAction\",\"target\":[\"https:\\\/\\\/ipdatapoint.com\\\/fr\\\/privacy-policy\\\/\"]}]},{\"@type\":\"BreadcrumbList\",\"@id\":\"https:\\\/\\\/ipdatapoint.com\\\/fr\\\/privacy-policy\\\/#breadcrumb\",\"itemListElement\":[{\"@type\":\"ListItem\",\"position\":1,\"name\":\"Home\",\"item\":\"https:\\\/\\\/ipdatapoint.com\\\/fr\\\/home\\\/\"},{\"@type\":\"ListItem\",\"position\":2,\"name\":\"Politique de confidentialit\u00e9\"}]},{\"@type\":\"WebSite\",\"@id\":\"https:\\\/\\\/ipdatapoint.com\\\/#website\",\"url\":\"https:\\\/\\\/ipdatapoint.com\\\/\",\"name\":\"IP Datapoint Solution\",\"description\":\"We provide enterprise grade hardware and end-to-end management without the burden of heavy upfront investments.\",\"publisher\":{\"@id\":\"https:\\\/\\\/ipdatapoint.com\\\/#organization\"},\"alternateName\":\"IP Datapoint Solutions\",\"potentialAction\":[{\"@type\":\"SearchAction\",\"target\":{\"@type\":\"EntryPoint\",\"urlTemplate\":\"https:\\\/\\\/ipdatapoint.com\\\/?s={search_term_string}\"},\"query-input\":{\"@type\":\"PropertyValueSpecification\",\"valueRequired\":true,\"valueName\":\"search_term_string\"}}],\"inLanguage\":\"fr-FR\"},{\"@type\":\"Organization\",\"@id\":\"https:\\\/\\\/ipdatapoint.com\\\/#organization\",\"name\":\"IP Datapoint Solution\",\"alternateName\":\"IP Datapoint Solutions\",\"url\":\"https:\\\/\\\/ipdatapoint.com\\\/\",\"logo\":{\"@type\":\"ImageObject\",\"inLanguage\":\"fr-FR\",\"@id\":\"https:\\\/\\\/ipdatapoint.com\\\/#\\\/schema\\\/logo\\\/image\\\/\",\"url\":\"https:\\\/\\\/ipdatapoint.com\\\/wp-content\\\/uploads\\\/2025\\\/09\\\/cropped-datapoint_fav.png\",\"contentUrl\":\"https:\\\/\\\/ipdatapoint.com\\\/wp-content\\\/uploads\\\/2025\\\/09\\\/cropped-datapoint_fav.png\",\"width\":512,\"height\":512,\"caption\":\"IP Datapoint Solution\"},\"image\":{\"@id\":\"https:\\\/\\\/ipdatapoint.com\\\/#\\\/schema\\\/logo\\\/image\\\/\"},\"sameAs\":[\"https:\\\/\\\/www.linkedin.com\\\/company\\\/ip-datapoint-solution\\\/\"]}]}<\/script>\n<!-- \/ Yoast SEO plugin. -->","yoast_head_json":{"title":"Politique de confidentialit\u00e9 - IP Datapoint Solution","robots":{"index":"index","follow":"follow","max-snippet":"max-snippet:-1","max-image-preview":"max-image-preview:large","max-video-preview":"max-video-preview:-1"},"canonical":"https:\/\/ipdatapoint.com\/fr\/privacy-policy\/","og_locale":"fr_FR","og_type":"article","og_title":"Politique de confidentialit\u00e9 - IP Datapoint Solution","og_description":"IP\u202fDatapoint\u202fSolution (\u00ab\u202fnous\u202f\u00bb, \u00ab\u202fnotre\u202f\u00bb ou \u00ab\u202fnos\u202f\u00bb) s\u2019engage \u00e0 prot\u00e9ger et respecter votre vie priv\u00e9e. Cette Politique de Confidentialit\u00e9 explique comment nous recueillons, utilisons, stockons et partageons vos informations personnelles lorsque vous utilisez notre site web \u00e0 l\u2019adresse ipdatapoint.com. Informations que nous collectons Nous pouvons collecter et traiter les donn\u00e9es suivantes\u202f: Les informations que vous fournissez en [&hellip;]","og_url":"https:\/\/ipdatapoint.com\/fr\/privacy-policy\/","og_site_name":"IP Datapoint Solution","article_modified_time":"2025-10-27T17:57:54+00:00","og_image":[{"width":512,"height":512,"url":"https:\/\/ipdatapoint.com\/wp-content\/uploads\/2025\/09\/cropped-datapoint_fav.png","type":"image\/png"}],"twitter_card":"summary_large_image","twitter_misc":{"Dur\u00e9e de lecture estim\u00e9e":"6 minutes"},"schema":{"@context":"https:\/\/schema.org","@graph":[{"@type":"WebPage","@id":"https:\/\/ipdatapoint.com\/fr\/privacy-policy\/","url":"https:\/\/ipdatapoint.com\/fr\/privacy-policy\/","name":"Politique de confidentialit\u00e9 - IP Datapoint Solution","isPartOf":{"@id":"https:\/\/ipdatapoint.com\/#website"},"datePublished":"2025-09-22T14:06:19+00:00","dateModified":"2025-10-27T17:57:54+00:00","breadcrumb":{"@id":"https:\/\/ipdatapoint.com\/fr\/privacy-policy\/#breadcrumb"},"inLanguage":"fr-FR","potentialAction":[{"@type":"ReadAction","target":["https:\/\/ipdatapoint.com\/fr\/privacy-policy\/"]}]},{"@type":"BreadcrumbList","@id":"https:\/\/ipdatapoint.com\/fr\/privacy-policy\/#breadcrumb","itemListElement":[{"@type":"ListItem","position":1,"name":"Home","item":"https:\/\/ipdatapoint.com\/fr\/home\/"},{"@type":"ListItem","position":2,"name":"Politique de confidentialit\u00e9"}]},{"@type":"WebSite","@id":"https:\/\/ipdatapoint.com\/#website","url":"https:\/\/ipdatapoint.com\/","name":"IP Datapoint Solution","description":"We provide enterprise grade hardware and end-to-end management without the burden of heavy upfront investments.","publisher":{"@id":"https:\/\/ipdatapoint.com\/#organization"},"alternateName":"IP Datapoint Solutions","potentialAction":[{"@type":"SearchAction","target":{"@type":"EntryPoint","urlTemplate":"https:\/\/ipdatapoint.com\/?s={search_term_string}"},"query-input":{"@type":"PropertyValueSpecification","valueRequired":true,"valueName":"search_term_string"}}],"inLanguage":"fr-FR"},{"@type":"Organization","@id":"https:\/\/ipdatapoint.com\/#organization","name":"IP Datapoint Solution","alternateName":"IP Datapoint Solutions","url":"https:\/\/ipdatapoint.com\/","logo":{"@type":"ImageObject","inLanguage":"fr-FR","@id":"https:\/\/ipdatapoint.com\/#\/schema\/logo\/image\/","url":"https:\/\/ipdatapoint.com\/wp-content\/uploads\/2025\/09\/cropped-datapoint_fav.png","contentUrl":"https:\/\/ipdatapoint.com\/wp-content\/uploads\/2025\/09\/cropped-datapoint_fav.png","width":512,"height":512,"caption":"IP Datapoint Solution"},"image":{"@id":"https:\/\/ipdatapoint.com\/#\/schema\/logo\/image\/"},"sameAs":["https:\/\/www.linkedin.com\/company\/ip-datapoint-solution\/"]}]}},"_links":{"self":[{"href":"https:\/\/ipdatapoint.com\/fr\/wp-json\/wp\/v2\/pages\/801","targetHints":{"allow":["GET"]}}],"collection":[{"href":"https:\/\/ipdatapoint.com\/fr\/wp-json\/wp\/v2\/pages"}],"about":[{"href":"https:\/\/ipdatapoint.com\/fr\/wp-json\/wp\/v2\/types\/page"}],"author":[{"embeddable":true,"href":"https:\/\/ipdatapoint.com\/fr\/wp-json\/wp\/v2\/users\/1"}],"replies":[{"embeddable":true,"href":"https:\/\/ipdatapoint.com\/fr\/wp-json\/wp\/v2\/comments?post=801"}],"version-history":[{"count":6,"href":"https:\/\/ipdatapoint.com\/fr\/wp-json\/wp\/v2\/pages\/801\/revisions"}],"predecessor-version":[{"id":1044,"href":"https:\/\/ipdatapoint.com\/fr\/wp-json\/wp\/v2\/pages\/801\/revisions\/1044"}],"wp:attachment":[{"href":"https:\/\/ipdatapoint.com\/fr\/wp-json\/wp\/v2\/media?parent=801"}],"curies":[{"name":"wp","href":"https:\/\/api.w.org\/{rel}","templated":true}]}}