{"id":800,"date":"2025-09-22T17:08:44","date_gmt":"2025-09-22T17:08:44","guid":{"rendered":"https:\/\/datapoint.development-viktor.com\/terms-and-conditions\/"},"modified":"2025-10-27T18:00:28","modified_gmt":"2025-10-27T18:00:28","slug":"terms-and-conditions","status":"publish","type":"page","link":"https:\/\/ipdatapoint.com\/fr\/terms-and-conditions\/","title":{"rendered":"Termes et conditions"},"content":{"rendered":"\t\t<div data-elementor-type=\"wp-page\" data-elementor-id=\"800\" class=\"elementor elementor-800 elementor-144\" data-elementor-post-type=\"page\">\n\t\t\t\t<div class=\"elementor-element elementor-element-0b6cff4 e-flex e-con-boxed e-con e-parent\" data-id=\"0b6cff4\" data-element_type=\"container\" data-e-type=\"container\">\n\t\t\t\t\t<div class=\"e-con-inner\">\n\t\t\t\t<div class=\"elementor-element elementor-element-a68d0f5 elementor-widget elementor-widget-text-editor\" data-id=\"a68d0f5\" data-element_type=\"widget\" data-e-type=\"widget\" data-widget_type=\"text-editor.default\">\n\t\t\t\t<div class=\"elementor-widget-container\">\n\t\t\t\t\t\t\t\t\t<p class=\"p1\">Bienvenue chez <span class=\"s1\"><b>IP\u202fDatapoint\u202fSolution<\/b><\/span> (\u00ab\u202fnous\u202f\u00bb, \u00ab\u202fnotre\u202f\u00bb ou \u00ab\u202fnos\u202f\u00bb). Les pr\u00e9sentes Conditions G\u00e9n\u00e9rales (\u00ab\u202fConditions\u202f\u00bb) r\u00e9gissent votre acc\u00e8s et utilisation de notre site web \u00e0 l\u2019adresse <span class=\"s1\"><b>ipdatapoint.com<\/b><\/span> (le \u00ab\u202fSite\u202f\u00bb) et de tout service que nous fournissons (\u00ab\u202fServices\u202f\u00bb). En acc\u00e9dant ou en utilisant le Site et\/ou les Services, vous acceptez d\u2019\u00eatre li\u00e9 par ces Conditions.<\/p><h3><b>1. Utilisation du Site<\/b><\/h3><p class=\"p1\">Vous acceptez d\u2019utiliser le Site uniquement \u00e0 des fins licites et de mani\u00e8re \u00e0 ne porter atteinte aux droits de personne, ni \u00e0 restreindre ou inhiber l\u2019utilisation et la jouissance du Site par autrui. Les comportements interdits incluent (sans s\u2019y limiter) le piratage, l\u2019envoi de messages nuisibles ou non sollicit\u00e9s, ou l\u2019interf\u00e9rence avec le site.<\/p><h3><b>2. Services<\/b><\/h3><p class=\"p1\">Si vous sollicitez nos Services, nous fournirons ceux\u2011ci conform\u00e9ment \u00e0 un accord s\u00e9par\u00e9 (port\u00e9e, honoraires, livrables) que nous \u00e9tablissons avec vous. Ces Conditions s\u2019appliquent en sus de tout accord de ce type.<\/p><h3><b>3. Propri\u00e9t\u00e9 intellectuelle<\/b><\/h3><p class=\"p1\">Tout le contenu du Site (textes, graphiques, logos, images, logiciels) est la propri\u00e9t\u00e9 de IP\u202fDatapoint\u202fSolution ou de ses conc\u00e9dants et est prot\u00e9g\u00e9 par les lois en mati\u00e8re de propri\u00e9t\u00e9 intellectuelle applicables. Vous pouvez visualiser ou t\u00e9l\u00e9charger du contenu pour votre usage personnel et non commercial uniquement. Vous ne devez pas reproduire, modifier, publier, transmettre, distribuer ou exploiter autrement le contenu sans notre permission \u00e9crite pr\u00e9alable.<\/p><h3><b>4.\u202fD\u00e9clarations et limitation de responsabilit\u00e9<\/b><\/h3><p class=\"p1\">Le Site et les Services sont fournis \u00ab\u202fen l\u2019\u00e9tat\u202f\u00bb et \u00ab\u202fselon disponibilit\u00e9\u202f\u00bb. Dans toute la mesure permise par la loi, nous d\u00e9clinons toutes garanties (explicites ou implicites) incluant la qualit\u00e9 marchande, l\u2019adaptation \u00e0 un usage ou la non\u2011contrefa\u00e7on. Notre responsabilit\u00e9 \u00e0 votre \u00e9gard pour tout litige d\u00e9coulant ou li\u00e9 \u00e0 votre utilisation du Site ou des Services est limit\u00e9e \u00e0 la valeur la plus \u00e9lev\u00e9e entre\u202f: (i) les honoraires que vous nous avez vers\u00e9s pour les Services en question ou (ii) 100\u202fCAD.<\/p><h3><b>5. Indemnit\u00e9<\/b><\/h3><p class=\"p1\">Vous acceptez d\u2019indemniser, d\u00e9fendre et d\u00e9gager de toute responsabilit\u00e9 IP\u202fDatapoint\u202fSolution, ses dirigeants, administrateurs, employ\u00e9s, agents et affili\u00e9s contre toutes pertes, responsabilit\u00e9s, r\u00e9clamations, demandes, dommages, co\u00fbts ou frais (y compris les honoraires juridiques raisonnables) d\u00e9coulant de votre utilisation du Site ou des Services, de votre violation de ces Conditions ou de la violation de droits de tiers.<\/p><h3><b>6. R\u00e9siliation<\/b><\/h3><p class=\"p1\">Nous pouvons suspendre ou mettre fin \u00e0 votre acc\u00e8s au Site ou aux Services \u00e0 tout moment, pour toute raison. Lors de la r\u00e9siliation, votre droit \u00e0 utiliser les Services cessera imm\u00e9diatement.<\/p><h3><b>7.\u202fDroit applicable et juridiction<\/b><\/h3><p class=\"p1\">Ces Conditions sont r\u00e9gies et interpr\u00e9t\u00e9es conform\u00e9ment aux lois de la Province de Qu\u00e9bec et aux lois f\u00e9d\u00e9rales du Canada applicables, sans donner effet \u00e0 aucune disposition de conflit de lois. Vous acceptez vous soumettre \u00e0 la juridiction exclusive des tribunaux situ\u00e9s \u00e0 Montr\u00e9al, Qu\u00e9bec, Canada.<\/p><h3><b>8. Modifications des Conditions<\/b><\/h3><p class=\"p1\">Nous nous r\u00e9servons le droit de modifier ces Conditions \u00e0 tout moment. Nous publierons une version mise \u00e0 jour sur le Site et indiquerons la date de \u00ab\u202fDerni\u00e8re mise \u00e0 jour\u202f\u00bb. Votre utilisation continue du Site ou des Services apr\u00e8s ces modifications constitue votre acceptation des nouvelles Conditions.<\/p><h3><b>9.\u202fNous contacter<\/b><\/h3><p class=\"p1\">Si vous avez des questions concernant ces Conditions, veuillez nous contacter \u00e0\u202f:<\/p><p class=\"p1\"><span class=\"s1\"><b>Courriel\u202f:<\/b><\/span> info@ipdatapoint.com<\/p><p class=\"p4\"><b>Derni\u00e8re mise \u00e0 jour\u202f:<\/b><span class=\"s3\"> 1 novembre, 2025<\/span><\/p>\t\t\t\t\t\t\t\t<\/div>\n\t\t\t\t<\/div>\n\t\t\t\t\t<\/div>\n\t\t\t\t<\/div>\n\t\t\t\t<\/div>\n\t\t","protected":false},"excerpt":{"rendered":"<p>Bienvenue chez IP\u202fDatapoint\u202fSolution (\u00ab\u202fnous\u202f\u00bb, \u00ab\u202fnotre\u202f\u00bb ou \u00ab\u202fnos\u202f\u00bb). Les pr\u00e9sentes Conditions G\u00e9n\u00e9rales (\u00ab\u202fConditions\u202f\u00bb) r\u00e9gissent votre acc\u00e8s et utilisation de notre site web \u00e0 l\u2019adresse ipdatapoint.com (le \u00ab\u202fSite\u202f\u00bb) et de tout service que nous fournissons (\u00ab\u202fServices\u202f\u00bb). En acc\u00e9dant ou en utilisant le Site et\/ou les Services, vous acceptez d\u2019\u00eatre li\u00e9 par ces Conditions. 1. Utilisation du Site [&hellip;]<\/p>\n","protected":false},"author":1,"featured_media":0,"parent":0,"menu_order":0,"comment_status":"closed","ping_status":"closed","template":"","meta":{"nf_dc_page":"","footnotes":""},"class_list":["post-800","page","type-page","status-publish","hentry"],"yoast_head":"<!-- This site is optimized with the Yoast SEO plugin v27.5 - https:\/\/yoast.com\/product\/yoast-seo-wordpress\/ -->\n<title>Termes et conditions - IP Datapoint Solution<\/title>\n<meta name=\"robots\" content=\"index, follow, max-snippet:-1, max-image-preview:large, max-video-preview:-1\" \/>\n<link rel=\"canonical\" href=\"https:\/\/ipdatapoint.com\/fr\/terms-and-conditions\/\" \/>\n<meta property=\"og:locale\" content=\"fr_FR\" \/>\n<meta property=\"og:type\" content=\"article\" \/>\n<meta property=\"og:title\" content=\"Termes et conditions - IP Datapoint Solution\" \/>\n<meta property=\"og:description\" content=\"Bienvenue chez IP\u202fDatapoint\u202fSolution (\u00ab\u202fnous\u202f\u00bb, \u00ab\u202fnotre\u202f\u00bb ou \u00ab\u202fnos\u202f\u00bb). Les pr\u00e9sentes Conditions G\u00e9n\u00e9rales (\u00ab\u202fConditions\u202f\u00bb) r\u00e9gissent votre acc\u00e8s et utilisation de notre site web \u00e0 l\u2019adresse ipdatapoint.com (le \u00ab\u202fSite\u202f\u00bb) et de tout service que nous fournissons (\u00ab\u202fServices\u202f\u00bb). En acc\u00e9dant ou en utilisant le Site et\/ou les Services, vous acceptez d\u2019\u00eatre li\u00e9 par ces Conditions. 1. Utilisation du Site [&hellip;]\" \/>\n<meta property=\"og:url\" content=\"https:\/\/ipdatapoint.com\/fr\/terms-and-conditions\/\" \/>\n<meta property=\"og:site_name\" content=\"IP Datapoint Solution\" \/>\n<meta property=\"article:modified_time\" content=\"2025-10-27T18:00:28+00:00\" \/>\n<meta property=\"og:image\" content=\"https:\/\/ipdatapoint.com\/wp-content\/uploads\/2025\/09\/cropped-datapoint_fav.png\" \/>\n\t<meta property=\"og:image:width\" content=\"512\" \/>\n\t<meta property=\"og:image:height\" content=\"512\" \/>\n\t<meta property=\"og:image:type\" content=\"image\/png\" \/>\n<meta name=\"twitter:card\" content=\"summary_large_image\" \/>\n<meta name=\"twitter:label1\" content=\"Dur\u00e9e de lecture estim\u00e9e\" \/>\n\t<meta name=\"twitter:data1\" content=\"3 minutes\" \/>\n<script type=\"application\/ld+json\" class=\"yoast-schema-graph\">{\"@context\":\"https:\\\/\\\/schema.org\",\"@graph\":[{\"@type\":\"WebPage\",\"@id\":\"https:\\\/\\\/ipdatapoint.com\\\/fr\\\/terms-and-conditions\\\/\",\"url\":\"https:\\\/\\\/ipdatapoint.com\\\/fr\\\/terms-and-conditions\\\/\",\"name\":\"Termes et conditions - IP Datapoint Solution\",\"isPartOf\":{\"@id\":\"https:\\\/\\\/ipdatapoint.com\\\/#website\"},\"datePublished\":\"2025-09-22T17:08:44+00:00\",\"dateModified\":\"2025-10-27T18:00:28+00:00\",\"breadcrumb\":{\"@id\":\"https:\\\/\\\/ipdatapoint.com\\\/fr\\\/terms-and-conditions\\\/#breadcrumb\"},\"inLanguage\":\"fr-FR\",\"potentialAction\":[{\"@type\":\"ReadAction\",\"target\":[\"https:\\\/\\\/ipdatapoint.com\\\/fr\\\/terms-and-conditions\\\/\"]}]},{\"@type\":\"BreadcrumbList\",\"@id\":\"https:\\\/\\\/ipdatapoint.com\\\/fr\\\/terms-and-conditions\\\/#breadcrumb\",\"itemListElement\":[{\"@type\":\"ListItem\",\"position\":1,\"name\":\"Home\",\"item\":\"https:\\\/\\\/ipdatapoint.com\\\/fr\\\/home\\\/\"},{\"@type\":\"ListItem\",\"position\":2,\"name\":\"Termes et conditions\"}]},{\"@type\":\"WebSite\",\"@id\":\"https:\\\/\\\/ipdatapoint.com\\\/#website\",\"url\":\"https:\\\/\\\/ipdatapoint.com\\\/\",\"name\":\"IP Datapoint Solution\",\"description\":\"We provide enterprise grade hardware and end-to-end management without the burden of heavy upfront investments.\",\"publisher\":{\"@id\":\"https:\\\/\\\/ipdatapoint.com\\\/#organization\"},\"alternateName\":\"IP Datapoint Solutions\",\"potentialAction\":[{\"@type\":\"SearchAction\",\"target\":{\"@type\":\"EntryPoint\",\"urlTemplate\":\"https:\\\/\\\/ipdatapoint.com\\\/?s={search_term_string}\"},\"query-input\":{\"@type\":\"PropertyValueSpecification\",\"valueRequired\":true,\"valueName\":\"search_term_string\"}}],\"inLanguage\":\"fr-FR\"},{\"@type\":\"Organization\",\"@id\":\"https:\\\/\\\/ipdatapoint.com\\\/#organization\",\"name\":\"IP Datapoint Solution\",\"alternateName\":\"IP Datapoint Solutions\",\"url\":\"https:\\\/\\\/ipdatapoint.com\\\/\",\"logo\":{\"@type\":\"ImageObject\",\"inLanguage\":\"fr-FR\",\"@id\":\"https:\\\/\\\/ipdatapoint.com\\\/#\\\/schema\\\/logo\\\/image\\\/\",\"url\":\"https:\\\/\\\/ipdatapoint.com\\\/wp-content\\\/uploads\\\/2025\\\/09\\\/cropped-datapoint_fav.png\",\"contentUrl\":\"https:\\\/\\\/ipdatapoint.com\\\/wp-content\\\/uploads\\\/2025\\\/09\\\/cropped-datapoint_fav.png\",\"width\":512,\"height\":512,\"caption\":\"IP Datapoint Solution\"},\"image\":{\"@id\":\"https:\\\/\\\/ipdatapoint.com\\\/#\\\/schema\\\/logo\\\/image\\\/\"},\"sameAs\":[\"https:\\\/\\\/www.linkedin.com\\\/company\\\/ip-datapoint-solution\\\/\"]}]}<\/script>\n<!-- \/ Yoast SEO plugin. -->","yoast_head_json":{"title":"Termes et conditions - IP Datapoint Solution","robots":{"index":"index","follow":"follow","max-snippet":"max-snippet:-1","max-image-preview":"max-image-preview:large","max-video-preview":"max-video-preview:-1"},"canonical":"https:\/\/ipdatapoint.com\/fr\/terms-and-conditions\/","og_locale":"fr_FR","og_type":"article","og_title":"Termes et conditions - IP Datapoint Solution","og_description":"Bienvenue chez IP\u202fDatapoint\u202fSolution (\u00ab\u202fnous\u202f\u00bb, \u00ab\u202fnotre\u202f\u00bb ou \u00ab\u202fnos\u202f\u00bb). Les pr\u00e9sentes Conditions G\u00e9n\u00e9rales (\u00ab\u202fConditions\u202f\u00bb) r\u00e9gissent votre acc\u00e8s et utilisation de notre site web \u00e0 l\u2019adresse ipdatapoint.com (le \u00ab\u202fSite\u202f\u00bb) et de tout service que nous fournissons (\u00ab\u202fServices\u202f\u00bb). En acc\u00e9dant ou en utilisant le Site et\/ou les Services, vous acceptez d\u2019\u00eatre li\u00e9 par ces Conditions. 1. Utilisation du Site [&hellip;]","og_url":"https:\/\/ipdatapoint.com\/fr\/terms-and-conditions\/","og_site_name":"IP Datapoint Solution","article_modified_time":"2025-10-27T18:00:28+00:00","og_image":[{"width":512,"height":512,"url":"https:\/\/ipdatapoint.com\/wp-content\/uploads\/2025\/09\/cropped-datapoint_fav.png","type":"image\/png"}],"twitter_card":"summary_large_image","twitter_misc":{"Dur\u00e9e de lecture estim\u00e9e":"3 minutes"},"schema":{"@context":"https:\/\/schema.org","@graph":[{"@type":"WebPage","@id":"https:\/\/ipdatapoint.com\/fr\/terms-and-conditions\/","url":"https:\/\/ipdatapoint.com\/fr\/terms-and-conditions\/","name":"Termes et conditions - IP Datapoint Solution","isPartOf":{"@id":"https:\/\/ipdatapoint.com\/#website"},"datePublished":"2025-09-22T17:08:44+00:00","dateModified":"2025-10-27T18:00:28+00:00","breadcrumb":{"@id":"https:\/\/ipdatapoint.com\/fr\/terms-and-conditions\/#breadcrumb"},"inLanguage":"fr-FR","potentialAction":[{"@type":"ReadAction","target":["https:\/\/ipdatapoint.com\/fr\/terms-and-conditions\/"]}]},{"@type":"BreadcrumbList","@id":"https:\/\/ipdatapoint.com\/fr\/terms-and-conditions\/#breadcrumb","itemListElement":[{"@type":"ListItem","position":1,"name":"Home","item":"https:\/\/ipdatapoint.com\/fr\/home\/"},{"@type":"ListItem","position":2,"name":"Termes et conditions"}]},{"@type":"WebSite","@id":"https:\/\/ipdatapoint.com\/#website","url":"https:\/\/ipdatapoint.com\/","name":"IP Datapoint Solution","description":"We provide enterprise grade hardware and end-to-end management without the burden of heavy upfront investments.","publisher":{"@id":"https:\/\/ipdatapoint.com\/#organization"},"alternateName":"IP Datapoint Solutions","potentialAction":[{"@type":"SearchAction","target":{"@type":"EntryPoint","urlTemplate":"https:\/\/ipdatapoint.com\/?s={search_term_string}"},"query-input":{"@type":"PropertyValueSpecification","valueRequired":true,"valueName":"search_term_string"}}],"inLanguage":"fr-FR"},{"@type":"Organization","@id":"https:\/\/ipdatapoint.com\/#organization","name":"IP Datapoint Solution","alternateName":"IP Datapoint Solutions","url":"https:\/\/ipdatapoint.com\/","logo":{"@type":"ImageObject","inLanguage":"fr-FR","@id":"https:\/\/ipdatapoint.com\/#\/schema\/logo\/image\/","url":"https:\/\/ipdatapoint.com\/wp-content\/uploads\/2025\/09\/cropped-datapoint_fav.png","contentUrl":"https:\/\/ipdatapoint.com\/wp-content\/uploads\/2025\/09\/cropped-datapoint_fav.png","width":512,"height":512,"caption":"IP Datapoint Solution"},"image":{"@id":"https:\/\/ipdatapoint.com\/#\/schema\/logo\/image\/"},"sameAs":["https:\/\/www.linkedin.com\/company\/ip-datapoint-solution\/"]}]}},"_links":{"self":[{"href":"https:\/\/ipdatapoint.com\/fr\/wp-json\/wp\/v2\/pages\/800","targetHints":{"allow":["GET"]}}],"collection":[{"href":"https:\/\/ipdatapoint.com\/fr\/wp-json\/wp\/v2\/pages"}],"about":[{"href":"https:\/\/ipdatapoint.com\/fr\/wp-json\/wp\/v2\/types\/page"}],"author":[{"embeddable":true,"href":"https:\/\/ipdatapoint.com\/fr\/wp-json\/wp\/v2\/users\/1"}],"replies":[{"embeddable":true,"href":"https:\/\/ipdatapoint.com\/fr\/wp-json\/wp\/v2\/comments?post=800"}],"version-history":[{"count":6,"href":"https:\/\/ipdatapoint.com\/fr\/wp-json\/wp\/v2\/pages\/800\/revisions"}],"predecessor-version":[{"id":1050,"href":"https:\/\/ipdatapoint.com\/fr\/wp-json\/wp\/v2\/pages\/800\/revisions\/1050"}],"wp:attachment":[{"href":"https:\/\/ipdatapoint.com\/fr\/wp-json\/wp\/v2\/media?parent=800"}],"curies":[{"name":"wp","href":"https:\/\/api.w.org\/{rel}","templated":true}]}}