{"id":740,"date":"2025-09-22T14:10:11","date_gmt":"2025-09-22T14:10:11","guid":{"rendered":"https:\/\/datapoint.development-viktor.com\/?page_id=740"},"modified":"2025-10-27T18:07:32","modified_gmt":"2025-10-27T18:07:32","slug":"a-propos-de-nous","status":"publish","type":"page","link":"https:\/\/ipdatapoint.com\/fr\/a-propos-de-nous\/","title":{"rendered":"\u00c0 propos de nous"},"content":{"rendered":"\t\t<div data-elementor-type=\"wp-page\" data-elementor-id=\"740\" class=\"elementor elementor-740 elementor-17\" data-elementor-post-type=\"page\">\n\t\t\t\t<div class=\"elementor-element elementor-element-73de8d1 e-grid e-con-boxed e-con e-parent\" data-id=\"73de8d1\" data-element_type=\"container\" data-e-type=\"container\" data-settings=\"{&quot;background_background&quot;:&quot;classic&quot;}\">\n\t\t\t\t\t<div class=\"e-con-inner\">\n\t\t<div class=\"elementor-element elementor-element-2676509 e-con-full e-flex e-con e-child\" data-id=\"2676509\" data-element_type=\"container\" data-e-type=\"container\">\n\t\t\t\t<div class=\"elementor-element elementor-element-957445c elementor-widget elementor-widget-heading\" data-id=\"957445c\" data-element_type=\"widget\" data-e-type=\"widget\" data-widget_type=\"heading.default\">\n\t\t\t\t<div class=\"elementor-widget-container\">\n\t\t\t\t\t<h3 class=\"elementor-heading-title elementor-size-default\"><span class=\"italic_h3 green\">La philosophie<\/span><\/br>derri\u00e8re le mod\u00e8le <\/h3>\t\t\t\t<\/div>\n\t\t\t\t<\/div>\n\t\t\t\t<div class=\"elementor-element elementor-element-560f3ef elementor-widget elementor-widget-text-editor\" data-id=\"560f3ef\" data-element_type=\"widget\" data-e-type=\"widget\" data-widget_type=\"text-editor.default\">\n\t\t\t\t<div class=\"elementor-widget-container\">\n\t\t\t\t\t\t\t\t\t<p><strong>IP DATAPOINT<\/strong> <span style=\"font-weight: 400;\">a \u00e9t\u00e9 cr\u00e9\u00e9 apr\u00e8s des ann\u00e9es de travail au sein d&#8217;un mod\u00e8le qui ne correspondait jamais tout \u00e0 fait \u00e0 la r\u00e9alit\u00e9 sur le terrain.<\/span><\/p>\n<p><span style=\"font-weight: 400;\">Pendant deux d\u00e9cennies, nous avons r\u00e9alis\u00e9 des d\u00e9ploiements dans divers secteurs, mais toujours selon le m\u00eame sch\u00e9ma fragment\u00e9 : mat\u00e9riel fourni par un revendeur de solutions \u00e0 valeur ajout\u00e9e (VAR), assistance assur\u00e9e par un fournisseur de services g\u00e9r\u00e9s (MSP) et propri\u00e9t\u00e9 du mat\u00e9riel laiss\u00e9e entre les mains du client.<\/span><\/p>\n<p><span style=\"font-weight: 400;\">Nous avons remplac\u00e9 cette cha\u00eene par un accord unique qui pr\u00e9voit le d\u00e9ploiement, l&#8217;assistance et la gestion de l&#8217;infrastructure sans transfert de propri\u00e9t\u00e9. Il s&#8217;agit d&#8217;un mod\u00e8le fond\u00e9 sur des conditions transparentes qui offre un niveau de fiabilit\u00e9 sup\u00e9rieur.<\/span><\/p>\n<p><span style=\"font-weight: 400;\">Lorsque la propri\u00e9t\u00e9 reste entre les mains du fournisseur, les performances restent au rendez-vous.<\/span><\/p>\t\t\t\t\t\t\t\t<\/div>\n\t\t\t\t<\/div>\n\t\t\t\t<div class=\"elementor-element elementor-element-0e46e77 elementor-widget elementor-widget-button\" data-id=\"0e46e77\" data-element_type=\"widget\" data-e-type=\"widget\" data-widget_type=\"button.default\">\n\t\t\t\t<div class=\"elementor-widget-container\">\n\t\t\t\t\t\t\t\t\t<div class=\"elementor-button-wrapper\">\n\t\t\t\t\t<a class=\"elementor-button elementor-button-link elementor-size-sm\" href=\"https:\/\/ipdatapoint.com\/fr\/how-it-works\/\">\n\t\t\t\t\t\t<span class=\"elementor-button-content-wrapper\">\n\t\t\t\t\t\t<span class=\"elementor-button-icon\">\n\t\t\t\t<svg xmlns=\"http:\/\/www.w3.org\/2000\/svg\" width=\"12\" height=\"12\" viewBox=\"0 0 12 12\" fill=\"none\" class=\"my-arrow\"><path d=\"M2.78734e-06 1.0001L10.3124 1.00006L10.3124 11.3125\" stroke=\"currentColor\" stroke-width=\"1.74928\"><\/path><path d=\"M10.3125 1L1.15283 10.1596\" stroke=\"currentColor\" stroke-width=\"1.74928\"><\/path><\/svg>\t\t\t<\/span>\n\t\t\t\t\t\t\t\t\t<span class=\"elementor-button-text\">Voir ce que le d\u00e9ploiement standard inclut<\/span>\n\t\t\t\t\t<\/span>\n\t\t\t\t\t<\/a>\n\t\t\t\t<\/div>\n\t\t\t\t\t\t\t\t<\/div>\n\t\t\t\t<\/div>\n\t\t\t\t<\/div>\n\t\t\t\t<div class=\"elementor-element elementor-element-21e90a7 elementor-widget elementor-widget-image\" data-id=\"21e90a7\" data-element_type=\"widget\" data-e-type=\"widget\" data-widget_type=\"image.default\">\n\t\t\t\t<div class=\"elementor-widget-container\">\n\t\t\t\t\t\t\t\t\t\t\t\t\t\t\t<img loading=\"lazy\" decoding=\"async\" loading=\"lazy\" width=\"664\" height=\"553\" src=\"https:\/\/ipdatapoint.com\/wp-content\/uploads\/2025\/09\/iStock-1476091312-1.png\" class=\"attachment-full size-full wp-image-739\" alt=\"\" srcset=\"https:\/\/ipdatapoint.com\/wp-content\/uploads\/2025\/09\/iStock-1476091312-1.png 664w, https:\/\/ipdatapoint.com\/wp-content\/uploads\/2025\/09\/iStock-1476091312-1-300x250.png 300w\" sizes=\"auto, (max-width: 664px) 100vw, 664px\" \/>\t\t\t\t\t\t\t\t\t\t\t\t\t\t\t<\/div>\n\t\t\t\t<\/div>\n\t\t\t\t\t<\/div>\n\t\t\t\t<\/div>\n\t\t<div class=\"elementor-element elementor-element-681cfcf e-flex e-con-boxed e-con e-parent\" data-id=\"681cfcf\" data-element_type=\"container\" data-e-type=\"container\" data-settings=\"{&quot;background_background&quot;:&quot;classic&quot;}\">\n\t\t\t\t\t<div class=\"e-con-inner\">\n\t\t\t\t<div class=\"elementor-element elementor-element-76d777a elementor-widget elementor-widget-heading\" data-id=\"76d777a\" data-element_type=\"widget\" data-e-type=\"widget\" data-widget_type=\"heading.default\">\n\t\t\t\t<div class=\"elementor-widget-container\">\n\t\t\t\t\t<h2 class=\"elementor-heading-title elementor-size-default\">Discutons du d\u00e9ploiement.\u2028 <\/br> <span class=\"italic_h2 green\">Nous vous expliquerons comment le mod\u00e8le de service s'applique.<\/span><\/h2>\t\t\t\t<\/div>\n\t\t\t\t<\/div>\n\t\t\t\t<div class=\"elementor-element elementor-element-b2f70a1 elementor-align-center elementor-widget elementor-widget-button\" data-id=\"b2f70a1\" data-element_type=\"widget\" data-e-type=\"widget\" data-widget_type=\"button.default\">\n\t\t\t\t<div class=\"elementor-widget-container\">\n\t\t\t\t\t\t\t\t\t<div class=\"elementor-button-wrapper\">\n\t\t\t\t\t<a class=\"elementor-button elementor-button-link elementor-size-sm\" href=\"https:\/\/ipdatapoint.com\/fr\/contact\/\">\n\t\t\t\t\t\t<span class=\"elementor-button-content-wrapper\">\n\t\t\t\t\t\t<span class=\"elementor-button-icon\">\n\t\t\t\t<svg xmlns=\"http:\/\/www.w3.org\/2000\/svg\" width=\"12\" height=\"12\" viewBox=\"0 0 12 12\" fill=\"none\" class=\"my-arrow\"><path d=\"M2.78734e-06 1.0001L10.3124 1.00006L10.3124 11.3125\" stroke=\"currentColor\" stroke-width=\"1.74928\"><\/path><path d=\"M10.3125 1L1.15283 10.1596\" stroke=\"currentColor\" stroke-width=\"1.74928\"><\/path><\/svg>\t\t\t<\/span>\n\t\t\t\t\t\t\t\t\t<span class=\"elementor-button-text\">Parler \u00e0 un sp\u00e9cialiste<\/span>\n\t\t\t\t\t<\/span>\n\t\t\t\t\t<\/a>\n\t\t\t\t<\/div>\n\t\t\t\t\t\t\t\t<\/div>\n\t\t\t\t<\/div>\n\t\t\t\t\t<\/div>\n\t\t\t\t<\/div>\n\t\t\t\t<\/div>\n\t\t","protected":false},"excerpt":{"rendered":"<p>La philosophiederri\u00e8re le mod\u00e8le IP DATAPOINT a \u00e9t\u00e9 cr\u00e9\u00e9 apr\u00e8s des ann\u00e9es de travail au sein d&#8217;un mod\u00e8le qui ne correspondait jamais tout \u00e0 fait \u00e0 la r\u00e9alit\u00e9 sur le terrain. Pendant deux d\u00e9cennies, nous avons r\u00e9alis\u00e9 des d\u00e9ploiements dans divers secteurs, mais toujours selon le m\u00eame sch\u00e9ma fragment\u00e9 : mat\u00e9riel fourni par un revendeur [&hellip;]<\/p>\n","protected":false},"author":2,"featured_media":713,"parent":0,"menu_order":0,"comment_status":"closed","ping_status":"closed","template":"","meta":{"nf_dc_page":"","footnotes":""},"class_list":["post-740","page","type-page","status-publish","has-post-thumbnail","hentry"],"yoast_head":"<!-- This site is optimized with the Yoast SEO plugin v27.5 - https:\/\/yoast.com\/product\/yoast-seo-wordpress\/ -->\n<title>\u00c0 propos de nous - IP Datapoint Solution<\/title>\n<meta name=\"robots\" content=\"index, follow, max-snippet:-1, max-image-preview:large, max-video-preview:-1\" \/>\n<link rel=\"canonical\" href=\"https:\/\/ipdatapoint.com\/fr\/a-propos-de-nous\/\" \/>\n<meta property=\"og:locale\" content=\"fr_FR\" \/>\n<meta property=\"og:type\" content=\"article\" \/>\n<meta property=\"og:title\" content=\"\u00c0 propos de nous - IP Datapoint Solution\" \/>\n<meta property=\"og:description\" content=\"La philosophiederri\u00e8re le mod\u00e8le IP DATAPOINT a \u00e9t\u00e9 cr\u00e9\u00e9 apr\u00e8s des ann\u00e9es de travail au sein d&#8217;un mod\u00e8le qui ne correspondait jamais tout \u00e0 fait \u00e0 la r\u00e9alit\u00e9 sur le terrain. Pendant deux d\u00e9cennies, nous avons r\u00e9alis\u00e9 des d\u00e9ploiements dans divers secteurs, mais toujours selon le m\u00eame sch\u00e9ma fragment\u00e9 : mat\u00e9riel fourni par un revendeur [&hellip;]\" \/>\n<meta property=\"og:url\" content=\"https:\/\/ipdatapoint.com\/fr\/a-propos-de-nous\/\" \/>\n<meta property=\"og:site_name\" content=\"IP Datapoint Solution\" \/>\n<meta property=\"article:modified_time\" content=\"2025-10-27T18:07:32+00:00\" \/>\n<meta property=\"og:image\" content=\"https:\/\/ipdatapoint.com\/wp-content\/uploads\/2025\/09\/Component-3-1.png\" \/>\n\t<meta property=\"og:image:width\" content=\"1737\" \/>\n\t<meta property=\"og:image:height\" content=\"554\" \/>\n\t<meta property=\"og:image:type\" content=\"image\/png\" \/>\n<meta name=\"twitter:card\" content=\"summary_large_image\" \/>\n<meta name=\"twitter:label1\" content=\"Dur\u00e9e de lecture estim\u00e9e\" \/>\n\t<meta name=\"twitter:data1\" content=\"1 minute\" \/>\n<script type=\"application\/ld+json\" class=\"yoast-schema-graph\">{\"@context\":\"https:\\\/\\\/schema.org\",\"@graph\":[{\"@type\":\"WebPage\",\"@id\":\"https:\\\/\\\/ipdatapoint.com\\\/fr\\\/a-propos-de-nous\\\/\",\"url\":\"https:\\\/\\\/ipdatapoint.com\\\/fr\\\/a-propos-de-nous\\\/\",\"name\":\"\u00c0 propos de nous - IP Datapoint Solution\",\"isPartOf\":{\"@id\":\"https:\\\/\\\/ipdatapoint.com\\\/#website\"},\"primaryImageOfPage\":{\"@id\":\"https:\\\/\\\/ipdatapoint.com\\\/fr\\\/a-propos-de-nous\\\/#primaryimage\"},\"image\":{\"@id\":\"https:\\\/\\\/ipdatapoint.com\\\/fr\\\/a-propos-de-nous\\\/#primaryimage\"},\"thumbnailUrl\":\"https:\\\/\\\/ipdatapoint.com\\\/wp-content\\\/uploads\\\/2025\\\/09\\\/Component-3-1.png\",\"datePublished\":\"2025-09-22T14:10:11+00:00\",\"dateModified\":\"2025-10-27T18:07:32+00:00\",\"breadcrumb\":{\"@id\":\"https:\\\/\\\/ipdatapoint.com\\\/fr\\\/a-propos-de-nous\\\/#breadcrumb\"},\"inLanguage\":\"fr-FR\",\"potentialAction\":[{\"@type\":\"ReadAction\",\"target\":[\"https:\\\/\\\/ipdatapoint.com\\\/fr\\\/a-propos-de-nous\\\/\"]}]},{\"@type\":\"ImageObject\",\"inLanguage\":\"fr-FR\",\"@id\":\"https:\\\/\\\/ipdatapoint.com\\\/fr\\\/a-propos-de-nous\\\/#primaryimage\",\"url\":\"https:\\\/\\\/ipdatapoint.com\\\/wp-content\\\/uploads\\\/2025\\\/09\\\/Component-3-1.png\",\"contentUrl\":\"https:\\\/\\\/ipdatapoint.com\\\/wp-content\\\/uploads\\\/2025\\\/09\\\/Component-3-1.png\",\"width\":1737,\"height\":554},{\"@type\":\"BreadcrumbList\",\"@id\":\"https:\\\/\\\/ipdatapoint.com\\\/fr\\\/a-propos-de-nous\\\/#breadcrumb\",\"itemListElement\":[{\"@type\":\"ListItem\",\"position\":1,\"name\":\"Home\",\"item\":\"https:\\\/\\\/ipdatapoint.com\\\/fr\\\/home\\\/\"},{\"@type\":\"ListItem\",\"position\":2,\"name\":\"\u00c0 propos de nous\"}]},{\"@type\":\"WebSite\",\"@id\":\"https:\\\/\\\/ipdatapoint.com\\\/#website\",\"url\":\"https:\\\/\\\/ipdatapoint.com\\\/\",\"name\":\"IP Datapoint Solution\",\"description\":\"We provide enterprise grade hardware and end-to-end management without the burden of heavy upfront investments.\",\"publisher\":{\"@id\":\"https:\\\/\\\/ipdatapoint.com\\\/#organization\"},\"alternateName\":\"IP Datapoint Solutions\",\"potentialAction\":[{\"@type\":\"SearchAction\",\"target\":{\"@type\":\"EntryPoint\",\"urlTemplate\":\"https:\\\/\\\/ipdatapoint.com\\\/?s={search_term_string}\"},\"query-input\":{\"@type\":\"PropertyValueSpecification\",\"valueRequired\":true,\"valueName\":\"search_term_string\"}}],\"inLanguage\":\"fr-FR\"},{\"@type\":\"Organization\",\"@id\":\"https:\\\/\\\/ipdatapoint.com\\\/#organization\",\"name\":\"IP Datapoint Solution\",\"alternateName\":\"IP Datapoint Solutions\",\"url\":\"https:\\\/\\\/ipdatapoint.com\\\/\",\"logo\":{\"@type\":\"ImageObject\",\"inLanguage\":\"fr-FR\",\"@id\":\"https:\\\/\\\/ipdatapoint.com\\\/#\\\/schema\\\/logo\\\/image\\\/\",\"url\":\"https:\\\/\\\/ipdatapoint.com\\\/wp-content\\\/uploads\\\/2025\\\/09\\\/cropped-datapoint_fav.png\",\"contentUrl\":\"https:\\\/\\\/ipdatapoint.com\\\/wp-content\\\/uploads\\\/2025\\\/09\\\/cropped-datapoint_fav.png\",\"width\":512,\"height\":512,\"caption\":\"IP Datapoint Solution\"},\"image\":{\"@id\":\"https:\\\/\\\/ipdatapoint.com\\\/#\\\/schema\\\/logo\\\/image\\\/\"},\"sameAs\":[\"https:\\\/\\\/www.linkedin.com\\\/company\\\/ip-datapoint-solution\\\/\"]}]}<\/script>\n<!-- \/ Yoast SEO plugin. -->","yoast_head_json":{"title":"\u00c0 propos de nous - IP Datapoint Solution","robots":{"index":"index","follow":"follow","max-snippet":"max-snippet:-1","max-image-preview":"max-image-preview:large","max-video-preview":"max-video-preview:-1"},"canonical":"https:\/\/ipdatapoint.com\/fr\/a-propos-de-nous\/","og_locale":"fr_FR","og_type":"article","og_title":"\u00c0 propos de nous - IP Datapoint Solution","og_description":"La philosophiederri\u00e8re le mod\u00e8le IP DATAPOINT a \u00e9t\u00e9 cr\u00e9\u00e9 apr\u00e8s des ann\u00e9es de travail au sein d&#8217;un mod\u00e8le qui ne correspondait jamais tout \u00e0 fait \u00e0 la r\u00e9alit\u00e9 sur le terrain. Pendant deux d\u00e9cennies, nous avons r\u00e9alis\u00e9 des d\u00e9ploiements dans divers secteurs, mais toujours selon le m\u00eame sch\u00e9ma fragment\u00e9 : mat\u00e9riel fourni par un revendeur [&hellip;]","og_url":"https:\/\/ipdatapoint.com\/fr\/a-propos-de-nous\/","og_site_name":"IP Datapoint Solution","article_modified_time":"2025-10-27T18:07:32+00:00","og_image":[{"width":1737,"height":554,"url":"https:\/\/ipdatapoint.com\/wp-content\/uploads\/2025\/09\/Component-3-1.png","type":"image\/png"}],"twitter_card":"summary_large_image","twitter_misc":{"Dur\u00e9e de lecture estim\u00e9e":"1 minute"},"schema":{"@context":"https:\/\/schema.org","@graph":[{"@type":"WebPage","@id":"https:\/\/ipdatapoint.com\/fr\/a-propos-de-nous\/","url":"https:\/\/ipdatapoint.com\/fr\/a-propos-de-nous\/","name":"\u00c0 propos de nous - IP Datapoint Solution","isPartOf":{"@id":"https:\/\/ipdatapoint.com\/#website"},"primaryImageOfPage":{"@id":"https:\/\/ipdatapoint.com\/fr\/a-propos-de-nous\/#primaryimage"},"image":{"@id":"https:\/\/ipdatapoint.com\/fr\/a-propos-de-nous\/#primaryimage"},"thumbnailUrl":"https:\/\/ipdatapoint.com\/wp-content\/uploads\/2025\/09\/Component-3-1.png","datePublished":"2025-09-22T14:10:11+00:00","dateModified":"2025-10-27T18:07:32+00:00","breadcrumb":{"@id":"https:\/\/ipdatapoint.com\/fr\/a-propos-de-nous\/#breadcrumb"},"inLanguage":"fr-FR","potentialAction":[{"@type":"ReadAction","target":["https:\/\/ipdatapoint.com\/fr\/a-propos-de-nous\/"]}]},{"@type":"ImageObject","inLanguage":"fr-FR","@id":"https:\/\/ipdatapoint.com\/fr\/a-propos-de-nous\/#primaryimage","url":"https:\/\/ipdatapoint.com\/wp-content\/uploads\/2025\/09\/Component-3-1.png","contentUrl":"https:\/\/ipdatapoint.com\/wp-content\/uploads\/2025\/09\/Component-3-1.png","width":1737,"height":554},{"@type":"BreadcrumbList","@id":"https:\/\/ipdatapoint.com\/fr\/a-propos-de-nous\/#breadcrumb","itemListElement":[{"@type":"ListItem","position":1,"name":"Home","item":"https:\/\/ipdatapoint.com\/fr\/home\/"},{"@type":"ListItem","position":2,"name":"\u00c0 propos de nous"}]},{"@type":"WebSite","@id":"https:\/\/ipdatapoint.com\/#website","url":"https:\/\/ipdatapoint.com\/","name":"IP Datapoint Solution","description":"We provide enterprise grade hardware and end-to-end management without the burden of heavy upfront investments.","publisher":{"@id":"https:\/\/ipdatapoint.com\/#organization"},"alternateName":"IP Datapoint Solutions","potentialAction":[{"@type":"SearchAction","target":{"@type":"EntryPoint","urlTemplate":"https:\/\/ipdatapoint.com\/?s={search_term_string}"},"query-input":{"@type":"PropertyValueSpecification","valueRequired":true,"valueName":"search_term_string"}}],"inLanguage":"fr-FR"},{"@type":"Organization","@id":"https:\/\/ipdatapoint.com\/#organization","name":"IP Datapoint Solution","alternateName":"IP Datapoint Solutions","url":"https:\/\/ipdatapoint.com\/","logo":{"@type":"ImageObject","inLanguage":"fr-FR","@id":"https:\/\/ipdatapoint.com\/#\/schema\/logo\/image\/","url":"https:\/\/ipdatapoint.com\/wp-content\/uploads\/2025\/09\/cropped-datapoint_fav.png","contentUrl":"https:\/\/ipdatapoint.com\/wp-content\/uploads\/2025\/09\/cropped-datapoint_fav.png","width":512,"height":512,"caption":"IP Datapoint Solution"},"image":{"@id":"https:\/\/ipdatapoint.com\/#\/schema\/logo\/image\/"},"sameAs":["https:\/\/www.linkedin.com\/company\/ip-datapoint-solution\/"]}]}},"_links":{"self":[{"href":"https:\/\/ipdatapoint.com\/fr\/wp-json\/wp\/v2\/pages\/740","targetHints":{"allow":["GET"]}}],"collection":[{"href":"https:\/\/ipdatapoint.com\/fr\/wp-json\/wp\/v2\/pages"}],"about":[{"href":"https:\/\/ipdatapoint.com\/fr\/wp-json\/wp\/v2\/types\/page"}],"author":[{"embeddable":true,"href":"https:\/\/ipdatapoint.com\/fr\/wp-json\/wp\/v2\/users\/2"}],"replies":[{"embeddable":true,"href":"https:\/\/ipdatapoint.com\/fr\/wp-json\/wp\/v2\/comments?post=740"}],"version-history":[{"count":18,"href":"https:\/\/ipdatapoint.com\/fr\/wp-json\/wp\/v2\/pages\/740\/revisions"}],"predecessor-version":[{"id":1057,"href":"https:\/\/ipdatapoint.com\/fr\/wp-json\/wp\/v2\/pages\/740\/revisions\/1057"}],"wp:featuredmedia":[{"embeddable":true,"href":"https:\/\/ipdatapoint.com\/fr\/wp-json\/wp\/v2\/media\/713"}],"wp:attachment":[{"href":"https:\/\/ipdatapoint.com\/fr\/wp-json\/wp\/v2\/media?parent=740"}],"curies":[{"name":"wp","href":"https:\/\/api.w.org\/{rel}","templated":true}]}}