{"id":726,"date":"2025-09-22T14:10:26","date_gmt":"2025-09-22T14:10:26","guid":{"rendered":"https:\/\/datapoint.development-viktor.com\/contact-us\/"},"modified":"2025-12-01T21:22:24","modified_gmt":"2025-12-01T21:22:24","slug":"contact-us","status":"publish","type":"page","link":"https:\/\/ipdatapoint.com\/fr\/contact-us\/","title":{"rendered":"Contactez-nous"},"content":{"rendered":"\t\t<div data-elementor-type=\"wp-page\" data-elementor-id=\"726\" class=\"elementor elementor-726 elementor-21\" data-elementor-post-type=\"page\">\n\t\t\t\t<div class=\"elementor-element elementor-element-5a0c1e0 e-flex e-con-boxed e-con e-parent\" data-id=\"5a0c1e0\" data-element_type=\"container\" data-e-type=\"container\" data-settings=\"{&quot;background_background&quot;:&quot;classic&quot;}\">\n\t\t\t\t\t<div class=\"e-con-inner\">\n\t\t<div class=\"elementor-element elementor-element-a4a78bc e-grid e-con-full e-con e-child\" data-id=\"a4a78bc\" data-element_type=\"container\" data-e-type=\"container\">\n\t\t\t\t<div class=\"elementor-element elementor-element-2626753 elementor-widget elementor-widget-heading\" data-id=\"2626753\" data-element_type=\"widget\" data-e-type=\"widget\" data-widget_type=\"heading.default\">\n\t\t\t\t<div class=\"elementor-widget-container\">\n\t\t\t\t\t<h2 class=\"elementor-heading-title elementor-size-default\">Il est temps de <span class=\"italic_h3 green\"><\/br>passer au Naas<\/span><\/h2>\t\t\t\t<\/div>\n\t\t\t\t<\/div>\n\t\t\t\t<div class=\"elementor-element elementor-element-d00e92c elementor-widget elementor-widget-text-editor\" data-id=\"d00e92c\" data-element_type=\"widget\" data-e-type=\"widget\" data-widget_type=\"text-editor.default\">\n\t\t\t\t<div class=\"elementor-widget-container\">\n\t\t\t\t\t\t\t\t\t<p><span style=\"font-weight: 400;\"><strong>IP DATAPOINT<\/strong> propose un mod\u00e8le diff\u00e9rent, qui consid\u00e8re le d\u00e9ploiement, la propri\u00e9t\u00e9 et l&#8217;assistance comme un service unique et continu. Contactez-nous d\u00e8s aujourd&#8217;hui et commencez la transition.<\/span><\/p>\t\t\t\t\t\t\t\t<\/div>\n\t\t\t\t<\/div>\n\t\t\t\t<\/div>\n\t\t<div class=\"elementor-element elementor-element-f181b07 e-grid e-con-full e-con e-child\" data-id=\"f181b07\" data-element_type=\"container\" data-e-type=\"container\">\n\t\t<div class=\"elementor-element elementor-element-ed803ed e-con-full e-flex e-con e-child\" data-id=\"ed803ed\" data-element_type=\"container\" data-e-type=\"container\" data-settings=\"{&quot;background_background&quot;:&quot;classic&quot;}\">\n\t\t\t\t<div class=\"elementor-element elementor-element-823646c elementor-button-align-start elementor-widget elementor-widget-form\" data-id=\"823646c\" data-element_type=\"widget\" data-e-type=\"widget\" data-settings=\"{&quot;step_next_label&quot;:&quot;Next&quot;,&quot;step_previous_label&quot;:&quot;Previous&quot;,&quot;button_width&quot;:&quot;100&quot;,&quot;step_type&quot;:&quot;number_text&quot;,&quot;step_icon_shape&quot;:&quot;circle&quot;}\" data-widget_type=\"form.default\">\n\t\t\t\t<div class=\"elementor-widget-container\">\n\t\t\t\t\t\t\t<form class=\"elementor-form\" method=\"post\" name=\"New Form\" aria-label=\"New Form\">\n\t\t\t<input type=\"hidden\" name=\"post_id\" value=\"726\"\/>\n\t\t\t<input type=\"hidden\" name=\"form_id\" value=\"823646c\"\/>\n\t\t\t<input type=\"hidden\" name=\"referer_title\" value=\"Contactez-nous - IP Datapoint Solution\" \/>\n\n\t\t\t\t\t\t\t<input type=\"hidden\" name=\"queried_id\" value=\"726\"\/>\n\t\t\t\n\t\t\t<div class=\"elementor-form-fields-wrapper elementor-labels-\">\n\t\t\t\t\t\t\t\t<div class=\"elementor-field-type-text elementor-field-group elementor-column elementor-field-group-name elementor-col-50 elementor-field-required\">\n\t\t\t\t\t\t\t\t\t\t\t\t<label for=\"form-field-name\" class=\"elementor-field-label elementor-screen-only\">\n\t\t\t\t\t\t\t\tPr\u00e9nom\t\t\t\t\t\t\t<\/label>\n\t\t\t\t\t\t\t\t\t\t\t\t\t\t<input size=\"1\" type=\"text\" name=\"form_fields[name]\" id=\"form-field-name\" class=\"elementor-field elementor-size-sm  elementor-field-textual\" placeholder=\"Pr\u00e9nom\" required=\"required\">\n\t\t\t\t\t\t\t\t\t\t\t<\/div>\n\t\t\t\t\t\t\t\t<div class=\"elementor-field-type-text elementor-field-group elementor-column elementor-field-group-field_ea6e83f elementor-col-50 elementor-field-required\">\n\t\t\t\t\t\t\t\t\t\t\t\t<label for=\"form-field-field_ea6e83f\" class=\"elementor-field-label elementor-screen-only\">\n\t\t\t\t\t\t\t\tNom\t\t\t\t\t\t\t<\/label>\n\t\t\t\t\t\t\t\t\t\t\t\t\t\t<input size=\"1\" type=\"text\" name=\"form_fields[field_ea6e83f]\" id=\"form-field-field_ea6e83f\" class=\"elementor-field elementor-size-sm  elementor-field-textual\" placeholder=\"Nom\" required=\"required\">\n\t\t\t\t\t\t\t\t\t\t\t<\/div>\n\t\t\t\t\t\t\t\t<div class=\"elementor-field-type-email elementor-field-group elementor-column elementor-field-group-email elementor-col-50 elementor-field-required\">\n\t\t\t\t\t\t\t\t\t\t\t\t<label for=\"form-field-email\" class=\"elementor-field-label elementor-screen-only\">\n\t\t\t\t\t\t\t\tEmail\t\t\t\t\t\t\t<\/label>\n\t\t\t\t\t\t\t\t\t\t\t\t\t\t<input size=\"1\" type=\"email\" name=\"form_fields[email]\" id=\"form-field-email\" class=\"elementor-field elementor-size-sm  elementor-field-textual\" placeholder=\"Email\" required=\"required\">\n\t\t\t\t\t\t\t\t\t\t\t<\/div>\n\t\t\t\t\t\t\t\t<div class=\"elementor-field-type-text elementor-field-group elementor-column elementor-field-group-field_7a0e110 elementor-col-50 elementor-field-required\">\n\t\t\t\t\t\t\t\t\t\t\t\t<label for=\"form-field-field_7a0e110\" class=\"elementor-field-label elementor-screen-only\">\n\t\t\t\t\t\t\t\tNom de l'entreprise\t\t\t\t\t\t\t<\/label>\n\t\t\t\t\t\t\t\t\t\t\t\t\t\t<input size=\"1\" type=\"text\" name=\"form_fields[field_7a0e110]\" id=\"form-field-field_7a0e110\" class=\"elementor-field elementor-size-sm  elementor-field-textual\" placeholder=\"Nom de l&#039;entreprise\" required=\"required\">\n\t\t\t\t\t\t\t\t\t\t\t<\/div>\n\t\t\t\t\t\t\t\t<div class=\"elementor-field-type-textarea elementor-field-group elementor-column elementor-field-group-message elementor-col-100\">\n\t\t\t\t\t\t\t\t\t\t\t\t<label for=\"form-field-message\" class=\"elementor-field-label elementor-screen-only\">\n\t\t\t\t\t\t\t\tMessage\t\t\t\t\t\t\t<\/label>\n\t\t\t\t\t\t<textarea class=\"elementor-field-textual elementor-field  elementor-size-sm\" name=\"form_fields[message]\" id=\"form-field-message\" rows=\"12\" placeholder=\"Tapez votre message\"><\/textarea>\t\t\t\t<\/div>\n\t\t\t\t\t\t\t\t<div class=\"elementor-field-type-recaptcha_v3 elementor-field-group elementor-column elementor-field-group-field_bd3cf15 elementor-col-100 recaptcha_v3-bottomright\">\n\t\t\t\t\t<div class=\"elementor-field\" id=\"form-field-field_bd3cf15\"><div class=\"elementor-g-recaptcha\" data-sitekey=\"6LdwzRcsAAAAAHZMY9vG4zihYj5vqiPxDIAXKar9\" data-type=\"v3\" data-action=\"Form\" data-badge=\"bottomright\" data-size=\"invisible\"><\/div><\/div>\t\t\t\t<\/div>\n\t\t\t\t\t\t\t\t<div class=\"elementor-field-group elementor-column elementor-field-type-submit elementor-col-100 e-form__buttons\">\n\t\t\t\t\t<button class=\"elementor-button elementor-size-sm\" type=\"submit\">\n\t\t\t\t\t\t<span class=\"elementor-button-content-wrapper\">\n\t\t\t\t\t\t\t\t\t\t\t\t\t\t\t<span class=\"elementor-button-icon\">\n\t\t\t\t\t\t\t\t\t<i aria-hidden=\"true\" class=\"fas fa-arrow-right\"><\/i>\t\t\t\t\t\t\t\t\t\t\t\t\t\t\t\t\t<\/span>\n\t\t\t\t\t\t\t\t\t\t\t\t\t\t\t\t\t\t\t\t\t\t<span class=\"elementor-button-text\">Envoyer<\/span>\n\t\t\t\t\t\t\t\t\t\t\t\t\t<\/span>\n\t\t\t\t\t<\/button>\n\t\t\t\t<\/div>\n\t\t\t<\/div>\n\t\t<\/form>\n\t\t\t\t\t\t<\/div>\n\t\t\t\t<\/div>\n\t\t\t\t<\/div>\n\t\t\t\t<div class=\"elementor-element elementor-element-5d73f12 elementor-hidden-tablet elementor-hidden-mobile elementor-widget elementor-widget-image\" data-id=\"5d73f12\" data-element_type=\"widget\" data-e-type=\"widget\" data-widget_type=\"image.default\">\n\t\t\t\t<div class=\"elementor-widget-container\">\n\t\t\t\t\t\t\t\t\t\t\t\t\t\t\t<img loading=\"lazy\" decoding=\"async\" loading=\"lazy\" width=\"499\" height=\"766\" src=\"https:\/\/ipdatapoint.com\/wp-content\/uploads\/2025\/09\/iStock-1464866931-1.png\" class=\"attachment-full size-full wp-image-728\" alt=\"\" srcset=\"https:\/\/ipdatapoint.com\/wp-content\/uploads\/2025\/09\/iStock-1464866931-1.png 499w, https:\/\/ipdatapoint.com\/wp-content\/uploads\/2025\/09\/iStock-1464866931-1-195x300.png 195w\" sizes=\"auto, (max-width: 499px) 100vw, 499px\" \/>\t\t\t\t\t\t\t\t\t\t\t\t\t\t\t<\/div>\n\t\t\t\t<\/div>\n\t\t\t\t<\/div>\n\t\t\t\t\t<\/div>\n\t\t\t\t<\/div>\n\t\t\t\t<\/div>\n\t\t","protected":false},"excerpt":{"rendered":"<p>Il est temps de passer au Naas IP DATAPOINT propose un mod\u00e8le diff\u00e9rent, qui consid\u00e8re le d\u00e9ploiement, la propri\u00e9t\u00e9 et l&#8217;assistance comme un service unique et continu. Contactez-nous d\u00e8s aujourd&#8217;hui et commencez la transition.<\/p>\n","protected":false},"author":1,"featured_media":727,"parent":0,"menu_order":0,"comment_status":"closed","ping_status":"closed","template":"","meta":{"nf_dc_page":"","footnotes":""},"class_list":["post-726","page","type-page","status-publish","has-post-thumbnail","hentry"],"yoast_head":"<!-- This site is optimized with the Yoast SEO plugin v27.5 - https:\/\/yoast.com\/product\/yoast-seo-wordpress\/ -->\n<title>Contactez-nous - IP Datapoint Solution<\/title>\n<meta name=\"robots\" content=\"index, follow, max-snippet:-1, max-image-preview:large, max-video-preview:-1\" \/>\n<link rel=\"canonical\" href=\"https:\/\/ipdatapoint.com\/fr\/contact-us\/\" \/>\n<meta property=\"og:locale\" content=\"fr_FR\" \/>\n<meta property=\"og:type\" content=\"article\" \/>\n<meta property=\"og:title\" content=\"Contactez-nous - IP Datapoint Solution\" \/>\n<meta property=\"og:description\" content=\"Il est temps de passer au Naas IP DATAPOINT propose un mod\u00e8le diff\u00e9rent, qui consid\u00e8re le d\u00e9ploiement, la propri\u00e9t\u00e9 et l&#8217;assistance comme un service unique et continu. Contactez-nous d\u00e8s aujourd&#8217;hui et commencez la transition.\" \/>\n<meta property=\"og:url\" content=\"https:\/\/ipdatapoint.com\/fr\/contact-us\/\" \/>\n<meta property=\"og:site_name\" content=\"IP Datapoint Solution\" \/>\n<meta property=\"article:modified_time\" content=\"2025-12-01T21:22:24+00:00\" \/>\n<meta property=\"og:image\" content=\"https:\/\/ipdatapoint.com\/wp-content\/uploads\/2025\/09\/Component-9-1.png\" \/>\n\t<meta property=\"og:image:width\" content=\"1737\" \/>\n\t<meta property=\"og:image:height\" content=\"554\" \/>\n\t<meta property=\"og:image:type\" content=\"image\/png\" \/>\n<meta name=\"twitter:card\" content=\"summary_large_image\" \/>\n<meta name=\"twitter:label1\" content=\"Dur\u00e9e de lecture estim\u00e9e\" \/>\n\t<meta name=\"twitter:data1\" content=\"1 minute\" \/>\n<script type=\"application\/ld+json\" class=\"yoast-schema-graph\">{\"@context\":\"https:\\\/\\\/schema.org\",\"@graph\":[{\"@type\":\"WebPage\",\"@id\":\"https:\\\/\\\/ipdatapoint.com\\\/fr\\\/contact-us\\\/\",\"url\":\"https:\\\/\\\/ipdatapoint.com\\\/fr\\\/contact-us\\\/\",\"name\":\"Contactez-nous - IP Datapoint Solution\",\"isPartOf\":{\"@id\":\"https:\\\/\\\/ipdatapoint.com\\\/#website\"},\"primaryImageOfPage\":{\"@id\":\"https:\\\/\\\/ipdatapoint.com\\\/fr\\\/contact-us\\\/#primaryimage\"},\"image\":{\"@id\":\"https:\\\/\\\/ipdatapoint.com\\\/fr\\\/contact-us\\\/#primaryimage\"},\"thumbnailUrl\":\"https:\\\/\\\/ipdatapoint.com\\\/wp-content\\\/uploads\\\/2025\\\/09\\\/Component-9-1.png\",\"datePublished\":\"2025-09-22T14:10:26+00:00\",\"dateModified\":\"2025-12-01T21:22:24+00:00\",\"breadcrumb\":{\"@id\":\"https:\\\/\\\/ipdatapoint.com\\\/fr\\\/contact-us\\\/#breadcrumb\"},\"inLanguage\":\"fr-FR\",\"potentialAction\":[{\"@type\":\"ReadAction\",\"target\":[\"https:\\\/\\\/ipdatapoint.com\\\/fr\\\/contact-us\\\/\"]}]},{\"@type\":\"ImageObject\",\"inLanguage\":\"fr-FR\",\"@id\":\"https:\\\/\\\/ipdatapoint.com\\\/fr\\\/contact-us\\\/#primaryimage\",\"url\":\"https:\\\/\\\/ipdatapoint.com\\\/wp-content\\\/uploads\\\/2025\\\/09\\\/Component-9-1.png\",\"contentUrl\":\"https:\\\/\\\/ipdatapoint.com\\\/wp-content\\\/uploads\\\/2025\\\/09\\\/Component-9-1.png\",\"width\":1737,\"height\":554},{\"@type\":\"BreadcrumbList\",\"@id\":\"https:\\\/\\\/ipdatapoint.com\\\/fr\\\/contact-us\\\/#breadcrumb\",\"itemListElement\":[{\"@type\":\"ListItem\",\"position\":1,\"name\":\"Home\",\"item\":\"https:\\\/\\\/ipdatapoint.com\\\/fr\\\/home\\\/\"},{\"@type\":\"ListItem\",\"position\":2,\"name\":\"Contactez-nous\"}]},{\"@type\":\"WebSite\",\"@id\":\"https:\\\/\\\/ipdatapoint.com\\\/#website\",\"url\":\"https:\\\/\\\/ipdatapoint.com\\\/\",\"name\":\"IP Datapoint Solution\",\"description\":\"We provide enterprise grade hardware and end-to-end management without the burden of heavy upfront investments.\",\"publisher\":{\"@id\":\"https:\\\/\\\/ipdatapoint.com\\\/#organization\"},\"alternateName\":\"IP Datapoint Solutions\",\"potentialAction\":[{\"@type\":\"SearchAction\",\"target\":{\"@type\":\"EntryPoint\",\"urlTemplate\":\"https:\\\/\\\/ipdatapoint.com\\\/?s={search_term_string}\"},\"query-input\":{\"@type\":\"PropertyValueSpecification\",\"valueRequired\":true,\"valueName\":\"search_term_string\"}}],\"inLanguage\":\"fr-FR\"},{\"@type\":\"Organization\",\"@id\":\"https:\\\/\\\/ipdatapoint.com\\\/#organization\",\"name\":\"IP Datapoint Solution\",\"alternateName\":\"IP Datapoint Solutions\",\"url\":\"https:\\\/\\\/ipdatapoint.com\\\/\",\"logo\":{\"@type\":\"ImageObject\",\"inLanguage\":\"fr-FR\",\"@id\":\"https:\\\/\\\/ipdatapoint.com\\\/#\\\/schema\\\/logo\\\/image\\\/\",\"url\":\"https:\\\/\\\/ipdatapoint.com\\\/wp-content\\\/uploads\\\/2025\\\/09\\\/cropped-datapoint_fav.png\",\"contentUrl\":\"https:\\\/\\\/ipdatapoint.com\\\/wp-content\\\/uploads\\\/2025\\\/09\\\/cropped-datapoint_fav.png\",\"width\":512,\"height\":512,\"caption\":\"IP Datapoint Solution\"},\"image\":{\"@id\":\"https:\\\/\\\/ipdatapoint.com\\\/#\\\/schema\\\/logo\\\/image\\\/\"},\"sameAs\":[\"https:\\\/\\\/www.linkedin.com\\\/company\\\/ip-datapoint-solution\\\/\"]}]}<\/script>\n<!-- \/ Yoast SEO plugin. -->","yoast_head_json":{"title":"Contactez-nous - IP Datapoint Solution","robots":{"index":"index","follow":"follow","max-snippet":"max-snippet:-1","max-image-preview":"max-image-preview:large","max-video-preview":"max-video-preview:-1"},"canonical":"https:\/\/ipdatapoint.com\/fr\/contact-us\/","og_locale":"fr_FR","og_type":"article","og_title":"Contactez-nous - IP Datapoint Solution","og_description":"Il est temps de passer au Naas IP DATAPOINT propose un mod\u00e8le diff\u00e9rent, qui consid\u00e8re le d\u00e9ploiement, la propri\u00e9t\u00e9 et l&#8217;assistance comme un service unique et continu. Contactez-nous d\u00e8s aujourd&#8217;hui et commencez la transition.","og_url":"https:\/\/ipdatapoint.com\/fr\/contact-us\/","og_site_name":"IP Datapoint Solution","article_modified_time":"2025-12-01T21:22:24+00:00","og_image":[{"width":1737,"height":554,"url":"https:\/\/ipdatapoint.com\/wp-content\/uploads\/2025\/09\/Component-9-1.png","type":"image\/png"}],"twitter_card":"summary_large_image","twitter_misc":{"Dur\u00e9e de lecture estim\u00e9e":"1 minute"},"schema":{"@context":"https:\/\/schema.org","@graph":[{"@type":"WebPage","@id":"https:\/\/ipdatapoint.com\/fr\/contact-us\/","url":"https:\/\/ipdatapoint.com\/fr\/contact-us\/","name":"Contactez-nous - IP Datapoint Solution","isPartOf":{"@id":"https:\/\/ipdatapoint.com\/#website"},"primaryImageOfPage":{"@id":"https:\/\/ipdatapoint.com\/fr\/contact-us\/#primaryimage"},"image":{"@id":"https:\/\/ipdatapoint.com\/fr\/contact-us\/#primaryimage"},"thumbnailUrl":"https:\/\/ipdatapoint.com\/wp-content\/uploads\/2025\/09\/Component-9-1.png","datePublished":"2025-09-22T14:10:26+00:00","dateModified":"2025-12-01T21:22:24+00:00","breadcrumb":{"@id":"https:\/\/ipdatapoint.com\/fr\/contact-us\/#breadcrumb"},"inLanguage":"fr-FR","potentialAction":[{"@type":"ReadAction","target":["https:\/\/ipdatapoint.com\/fr\/contact-us\/"]}]},{"@type":"ImageObject","inLanguage":"fr-FR","@id":"https:\/\/ipdatapoint.com\/fr\/contact-us\/#primaryimage","url":"https:\/\/ipdatapoint.com\/wp-content\/uploads\/2025\/09\/Component-9-1.png","contentUrl":"https:\/\/ipdatapoint.com\/wp-content\/uploads\/2025\/09\/Component-9-1.png","width":1737,"height":554},{"@type":"BreadcrumbList","@id":"https:\/\/ipdatapoint.com\/fr\/contact-us\/#breadcrumb","itemListElement":[{"@type":"ListItem","position":1,"name":"Home","item":"https:\/\/ipdatapoint.com\/fr\/home\/"},{"@type":"ListItem","position":2,"name":"Contactez-nous"}]},{"@type":"WebSite","@id":"https:\/\/ipdatapoint.com\/#website","url":"https:\/\/ipdatapoint.com\/","name":"IP Datapoint Solution","description":"We provide enterprise grade hardware and end-to-end management without the burden of heavy upfront investments.","publisher":{"@id":"https:\/\/ipdatapoint.com\/#organization"},"alternateName":"IP Datapoint Solutions","potentialAction":[{"@type":"SearchAction","target":{"@type":"EntryPoint","urlTemplate":"https:\/\/ipdatapoint.com\/?s={search_term_string}"},"query-input":{"@type":"PropertyValueSpecification","valueRequired":true,"valueName":"search_term_string"}}],"inLanguage":"fr-FR"},{"@type":"Organization","@id":"https:\/\/ipdatapoint.com\/#organization","name":"IP Datapoint Solution","alternateName":"IP Datapoint Solutions","url":"https:\/\/ipdatapoint.com\/","logo":{"@type":"ImageObject","inLanguage":"fr-FR","@id":"https:\/\/ipdatapoint.com\/#\/schema\/logo\/image\/","url":"https:\/\/ipdatapoint.com\/wp-content\/uploads\/2025\/09\/cropped-datapoint_fav.png","contentUrl":"https:\/\/ipdatapoint.com\/wp-content\/uploads\/2025\/09\/cropped-datapoint_fav.png","width":512,"height":512,"caption":"IP Datapoint Solution"},"image":{"@id":"https:\/\/ipdatapoint.com\/#\/schema\/logo\/image\/"},"sameAs":["https:\/\/www.linkedin.com\/company\/ip-datapoint-solution\/"]}]}},"_links":{"self":[{"href":"https:\/\/ipdatapoint.com\/fr\/wp-json\/wp\/v2\/pages\/726","targetHints":{"allow":["GET"]}}],"collection":[{"href":"https:\/\/ipdatapoint.com\/fr\/wp-json\/wp\/v2\/pages"}],"about":[{"href":"https:\/\/ipdatapoint.com\/fr\/wp-json\/wp\/v2\/types\/page"}],"author":[{"embeddable":true,"href":"https:\/\/ipdatapoint.com\/fr\/wp-json\/wp\/v2\/users\/1"}],"replies":[{"embeddable":true,"href":"https:\/\/ipdatapoint.com\/fr\/wp-json\/wp\/v2\/comments?post=726"}],"version-history":[{"count":20,"href":"https:\/\/ipdatapoint.com\/fr\/wp-json\/wp\/v2\/pages\/726\/revisions"}],"predecessor-version":[{"id":1265,"href":"https:\/\/ipdatapoint.com\/fr\/wp-json\/wp\/v2\/pages\/726\/revisions\/1265"}],"wp:featuredmedia":[{"embeddable":true,"href":"https:\/\/ipdatapoint.com\/fr\/wp-json\/wp\/v2\/media\/727"}],"wp:attachment":[{"href":"https:\/\/ipdatapoint.com\/fr\/wp-json\/wp\/v2\/media?parent=726"}],"curies":[{"name":"wp","href":"https:\/\/api.w.org\/{rel}","templated":true}]}}